{"id":623,"date":"2018-05-31T07:31:49","date_gmt":"2018-05-31T07:31:49","guid":{"rendered":"https:\/\/livewp.site\/wp\/md\/oconnor\/?page_id=623"},"modified":"2025-12-15T19:45:36","modified_gmt":"2025-12-15T18:45:36","slug":"contacto","status":"publish","type":"page","link":"https:\/\/alonsocouce.com\/en\/contacto\/","title":{"rendered":"Contact"},"content":{"rendered":"<div class=\"\"><div class=\"container\"><div class=\"vc_row wpb_row vc_row-fluid gt3_vc_row_modified\"><div class=\"wpb_column vc_column_container vc_col-sm-12\">\r\n    <div class=\"vc_column-inner\">\r\n        <div class=\"wpb_wrapper\">\r\n            <div class=\"wpb_gmaps_widget wpb_content_element\"><div class=\"wpb_wrapper\"><div class=\"wpb_map_wraper\"><iframe\n    src=\"https:\/\/www.google.com\/maps?q=36.474192572288,-5.003780689329143&hl=es&z=15&output=embed\"\n    width=\"600\"\n    height=\"450\"\n    style=\"border:0;\"\n    allowfullscreen=\"\"\n    loading=\"lazy\">\n<\/iframe><\/div><\/div><\/div>        <\/div>\r\n    <\/div>\r\n<\/div>\r\n<\/div><\/div><!-- .container --><\/div><div id=\"cita\" class=\"\"><div class=\"container\"><div class=\"vc_row wpb_row vc_row-fluid gt3_vc_row_modified\"><div class=\"wpb_column vc_column_container vc_col-sm-6\">\r\n    <div class=\"vc_column-inner\">\r\n        <div class=\"wpb_wrapper\">\r\n                <div class=\"gt3_spacing\">\r\n        <div class=\"gt3_spacing-height gt3_spacing-height_default\" style=\"height: 50px;\"><\/div>\r\n            <\/div>\r\n    <div data-color=\"#ffffff\" class=\"gt3_custom_text  gt3_line-break-default gt3_font-size-inherit gt3_line-height-inherit gt3_color-inherit gt3_separator-active gt3_separator-outer gt3_full_width-active\" style=\"font-size: 32px;line-height: 165%; color: #272b2e; \"><div class=\"gt3_custom_text_separator\" style=\"margin-top: 22px; max-width: 70px; background-color: rgba(39,43,46,0.2); \"><\/div><h2><a href=\"https:\/\/alonsocouce.com\/en\/\">Law Firm in Marbella<\/a><\/h2>\n<\/div>    <div class=\"gt3_spacing\">\r\n        <div class=\"gt3_spacing-height gt3_spacing-height_default\" style=\"height: 15px;\"><\/div>\r\n            <\/div>\r\n    <div data-color=\"#ffffff\" class=\"gt3_custom_text  gt3_line-break-default gt3_font-size-inherit gt3_line-height-inherit gt3_color-inherit gt3_separator-disable gt3_full_width-active\" style=\"font-size: 18px;line-height: 165%; color: #272b2e; \"><p><a href=\"https:\/\/g.page\/r\/CT7qcNiSpLSYEAI\">Guadalmina Shopping Centre, Block II<br \/>\nOffice n\u00ba 2, Urb. Guadalmina Alta<br \/>\n29670 San Pedro de Alc\u00e1ntara<br \/>\nMarbella (M\u00e1laga) Spain<\/a><br \/>\nM\u00f3vil <a href=\"tel: 34671085822\">(0034) 671 085 822<\/a><br \/>\nTel. <a href=\"tel: 34951775454\">(0034) 951 775 454<\/a><br \/>\nEmail: <a href=\"mailto:monica@alonsocouce.com\">monica@alonsocouce.com<\/a><\/p>\n<\/div><div data-color=\"#ffffff\" class=\"gt3_custom_text  gt3_line-break-default gt3_font-size-inherit gt3_line-height-inherit gt3_color-inherit gt3_separator-disable gt3_full_width-active\" style=\"font-size: 18px;line-height: 165%; color: #272b2e; \"><div class=\"gt3_social\"><a class=\"gt3_icon_link\" href=\"https:\/\/es.linkedin.com\/in\/monica-alonso-ajamil-50374b25\" target=\"_blank\" style=\"font-size: 20px; color: inherit; margin-right: 20px; margin-top: 0px;\" rel=\"noopener\"><i class=\"fa fa-linkedin\">\u00a0<\/i><\/a>\u00a0<a class=\"gt3_icon_link\" href=\"https:\/\/www.facebook.com\/alonsocouceabogados\/\" target=\"_blank\" style=\"font-size: 20px; color: inherit; margin-right: 20px; margin-top: 0px;\" rel=\"noopener\"><i class=\"fa fa-facebook\">\u00a0<\/i><\/a><\/div>\n<\/div>    <div class=\"gt3_spacing\">\r\n        <div class=\"gt3_spacing-height gt3_spacing-height_default\" style=\"height: 32px;\"><\/div>\r\n            <\/div>\r\n    <div data-color=\"#ffffff\" class=\"gt3_custom_text  gt3_line-break-default gt3_font-size-inherit gt3_line-height-inherit gt3_color-inherit gt3_separator-active gt3_separator-outer gt3_full_width-active\" style=\"font-size: 32px;line-height: 165%; color: #272b2e; \"><div class=\"gt3_custom_text_separator\" style=\"margin-top: 22px; max-width: 70px; background-color: rgba(39,43,46,0.2); \"><\/div><h2>Law Firm in Madrid<\/h2>\n<\/div><div data-color=\"#ffffff\" class=\"gt3_custom_text  gt3_line-break-default gt3_font-size-inherit gt3_line-height-inherit gt3_color-inherit gt3_separator-disable gt3_full_width-active\" style=\"font-size: 18px;line-height: 165%; color: #272b2e; \"><p><a href=\"https:\/\/goo.gl\/maps\/cqocfKSqMGaBgkYh8\">Paseo de la Habana n\u00ba 4, 7\u00ba Izda. B<br \/>\n28036 Madrid - Spain<\/a><br \/>\nTel. <a href=\"tel: 34917451471\">(0034) 917 451 471<\/a><br \/>\nFax <a href=\"tel: 34915649772\">(0034) 915 649 772<\/a><br \/>\nEmail: <a href=\"mailto:monica@alonsocouce.com\">monica@alonsocouce.com<\/a><\/p>\n<\/div>    <div class=\"gt3_spacing\">\r\n        <div class=\"gt3_spacing-height gt3_spacing-height_default\" style=\"height: 40px;\"><\/div>\r\n            <\/div>\r\n            <\/div>\r\n    <\/div>\r\n<\/div>\r\n<div class=\"wpb_column vc_column_container vc_col-sm-6\">\r\n    <div class=\"vc_column-inner\">\r\n        <div class=\"wpb_wrapper\">\r\n                <div class=\"gt3_spacing  gt3_spacing-height_mobile-on\">\r\n        <div class=\"gt3_spacing-height gt3_spacing-height_default\" style=\"height: 50px;\"><\/div>\r\n         <div class=\"gt3_spacing-height gt3_spacing-height_mobile\" style=\"height:0px;\"><\/div>    <\/div>\r\n    <div data-color=\"#ffffff\" class=\"gt3_custom_text  gt3_line-break-default gt3_font-size-inherit gt3_line-height-inherit gt3_color-inherit gt3_separator-disable gt3_full_width-active\" style=\"font-size: 32px;line-height: 165%; color: #272b2e; \"><h2>Send us a message<\/h2>\n<\/div>    <div class=\"gt3_spacing\">\r\n        <div class=\"gt3_spacing-height gt3_spacing-height_default\" style=\"height: 15px;\"><\/div>\r\n            <\/div>\r\n    \n\t<div class=\"wpb_text_column wpb_content_element\" >\n\t\t<div class=\"wpb_wrapper\">\n\t\t\t\n<div class=\"wpcf7 no-js\" id=\"wpcf7-f433-o1\" lang=\"en-US\" dir=\"ltr\">\n<div class=\"screen-reader-response\"><p role=\"status\" aria-live=\"polite\" aria-atomic=\"true\"><\/p> <ul><\/ul><\/div>\n<form action=\"\/en\/wp-json\/wp\/v2\/pages\/623#wpcf7-f433-o1\" method=\"post\" class=\"wpcf7-form init\" aria-label=\"Contact form\" novalidate=\"novalidate\" data-status=\"init\" data-trp-original-action=\"\/en\/wp-json\/wp\/v2\/pages\/623#wpcf7-f433-o1\">\n<div style=\"display: none;\">\n<input type=\"hidden\" name=\"_wpcf7\" value=\"433\" \/>\n<input type=\"hidden\" name=\"_wpcf7_version\" value=\"5.8.1\" \/>\n<input type=\"hidden\" name=\"_wpcf7_locale\" value=\"en_US\" \/>\n<input type=\"hidden\" name=\"_wpcf7_unit_tag\" value=\"wpcf7-f433-o1\" \/>\n<input type=\"hidden\" name=\"_wpcf7_container_post\" value=\"0\" \/>\n<input type=\"hidden\" name=\"_wpcf7_posted_data_hash\" value=\"\" \/>\n<\/div>\n<div class=\"row\">\n\t<div class=\"gt3_span6\">\n\t\t<p><span class=\"wpcf7-form-control-wrap\" data-name=\"your-name\"><input size=\"40\" class=\"wpcf7-form-control wpcf7-text wpcf7-validates-as-required\" aria-required=\"true\" aria-invalid=\"false\" placeholder=\"Name\" value=\"\" type=\"text\" name=\"your-name\" \/><\/span>\n\t\t<\/p>\n\t<\/div>\n\t<div class=\"gt3_span6\">\n\t\t<p><span class=\"wpcf7-form-control-wrap\" data-name=\"your-email\"><input size=\"40\" class=\"wpcf7-form-control wpcf7-email wpcf7-validates-as-required wpcf7-text wpcf7-validates-as-email\" aria-required=\"true\" aria-invalid=\"false\" placeholder=\"Email\" value=\"\" type=\"email\" name=\"your-email\" \/><\/span>\n\t\t<\/p>\n\t<\/div>\n<\/div>\n<div>\n\t<p><span class=\"wpcf7-form-control-wrap\" data-name=\"your-tel\"><input size=\"40\" class=\"wpcf7-form-control wpcf7-tel wpcf7-validates-as-required wpcf7-text wpcf7-validates-as-tel\" aria-required=\"true\" aria-invalid=\"false\" placeholder=\"Phone\" value=\"\" type=\"tel\" name=\"your-tel\" \/><\/span>\n\t<\/p>\n<\/div>\n<div>\n\t<p><span class=\"wpcf7-form-control-wrap\" data-name=\"your-message\"><textarea cols=\"40\" rows=\"10\" class=\"wpcf7-form-control wpcf7-textarea\" aria-invalid=\"false\" placeholder=\"Message\" name=\"your-message\"><\/textarea><\/span>\n\t<\/p>\n<\/div>\n<p><input class=\"wpcf7-form-control wpcf7-submit has-spinner\" type=\"submit\" value=\"SEND MESSAGE\" \/>\n<\/p><div class=\"wpcf7-response-output\" aria-hidden=\"true\"><\/div>\n<input type=\"hidden\" name=\"trp-form-language\" value=\"en\"\/><\/form>\n<\/div>\n\n\n\t\t<\/div>\n\t<\/div>\n        <\/div>\r\n    <\/div>\r\n<\/div>\r\n<\/div><\/div><!-- .container --><\/div>","protected":false},"excerpt":{"rendered":"Despacho de abogados en Marbella Centro Comercial Guadalmina, Bloque II Oficina n\u00ba 2, Urb. Guadalmina Alta 29670 San Pedro de Alc\u00e1ntara Marbella (M\u00e1laga) Espa\u00f1a M\u00f3vil (0034) 671 085 822 Tel. (0034) 951 775 454 Email: monica@alonsocouce.com \u00a0\u00a0\u00a0 Despacho de abogados en Madrid Paseo de la Habana n\u00ba 4, 7\u00ba Izda. B 28036 Madrid - Espa\u00f1a [...]","protected":false},"author":1,"featured_media":0,"parent":0,"menu_order":0,"comment_status":"closed","ping_status":"closed","template":"","meta":{"inline_featured_image":false,"footnotes":""},"yoast_head":"<!-- This site is optimized with the Yoast SEO plugin v21.5 - https:\/\/yoast.com\/wordpress\/plugins\/seo\/ -->\n<title>Contacto | Bufete de abogados en Marbella Alonso &amp; Couce Asoc.<\/title>\n<meta name=\"description\" content=\"Cont\u00e1ctanos en Alonso &amp; Couce, su bufete de abogados en Marbella. Estamos listos para ayudarle con asesoramiento legal personalizado. \u00a1Escr\u00edbanos ahora!\" \/>\n<meta name=\"robots\" content=\"index, follow, max-snippet:-1, max-image-preview:large, max-video-preview:-1\" \/>\n<link rel=\"canonical\" href=\"https:\/\/alonsocouce.com\/en\/contacto\/\" \/>\n<meta property=\"og:locale\" content=\"en_GB\" \/>\n<meta property=\"og:type\" content=\"article\" \/>\n<meta property=\"og:title\" content=\"Contacto | Bufete de abogados en Marbella Alonso &amp; Couce Asoc.\" \/>\n<meta property=\"og:description\" content=\"Cont\u00e1ctanos en Alonso &amp; Couce, su bufete de abogados en Marbella. Estamos listos para ayudarle con asesoramiento legal personalizado. \u00a1Escr\u00edbanos ahora!\" \/>\n<meta property=\"og:url\" content=\"https:\/\/alonsocouce.com\/en\/contacto\/\" \/>\n<meta property=\"og:site_name\" content=\"Alonso &amp; Couce Asociados\" \/>\n<meta property=\"article:publisher\" content=\"https:\/\/www.facebook.com\/alonsocouceabogados\/\" \/>\n<meta property=\"article:modified_time\" content=\"2025-12-15T18:45:36+00:00\" \/>\n<meta property=\"og:image\" content=\"https:\/\/alonsocouce.com\/wp-content\/uploads\/2024\/08\/Logo-Alonso-Escalado.png\" \/>\n\t<meta property=\"og:image:width\" content=\"316\" \/>\n\t<meta property=\"og:image:height\" content=\"200\" \/>\n\t<meta property=\"og:image:type\" content=\"image\/png\" \/>\n<meta name=\"twitter:card\" content=\"summary_large_image\" \/>\n<meta name=\"twitter:label1\" content=\"Estimated reading time\" \/>\n\t<meta name=\"twitter:data1\" content=\"1 minute\" \/>\n<script type=\"application\/ld+json\" class=\"yoast-schema-graph\">{\"@context\":\"https:\/\/schema.org\",\"@graph\":[{\"@type\":\"WebPage\",\"@id\":\"https:\/\/alonsocouce.com\/contacto\/\",\"url\":\"https:\/\/alonsocouce.com\/contacto\/\",\"name\":\"Contacto | Bufete de abogados en Marbella Alonso & Couce Asoc.\",\"isPartOf\":{\"@id\":\"https:\/\/alonsocouce.com\/#website\"},\"datePublished\":\"2018-05-31T07:31:49+00:00\",\"dateModified\":\"2025-12-15T18:45:36+00:00\",\"description\":\"Cont\u00e1ctanos en Alonso & Couce, su bufete de abogados en Marbella. Estamos listos para ayudarle con asesoramiento legal personalizado. \u00a1Escr\u00edbanos ahora!\",\"breadcrumb\":{\"@id\":\"https:\/\/alonsocouce.com\/contacto\/#breadcrumb\"},\"inLanguage\":\"en-GB\",\"potentialAction\":[{\"@type\":\"ReadAction\",\"target\":[\"https:\/\/alonsocouce.com\/contacto\/\"]}]},{\"@type\":\"BreadcrumbList\",\"@id\":\"https:\/\/alonsocouce.com\/contacto\/#breadcrumb\",\"itemListElement\":[{\"@type\":\"ListItem\",\"position\":1,\"name\":\"Portada\",\"item\":\"https:\/\/alonsocouce.com\/\"},{\"@type\":\"ListItem\",\"position\":2,\"name\":\"Contacto\"}]},{\"@type\":\"WebSite\",\"@id\":\"https:\/\/alonsocouce.com\/#website\",\"url\":\"https:\/\/alonsocouce.com\/\",\"name\":\"Alonso &amp; Couce Asociados\",\"description\":\"Abogados\",\"publisher\":{\"@id\":\"https:\/\/alonsocouce.com\/#organization\"},\"potentialAction\":[{\"@type\":\"SearchAction\",\"target\":{\"@type\":\"EntryPoint\",\"urlTemplate\":\"https:\/\/alonsocouce.com\/?s={search_term_string}\"},\"query-input\":\"required name=search_term_string\"}],\"inLanguage\":\"en-GB\"},{\"@type\":\"Organization\",\"@id\":\"https:\/\/alonsocouce.com\/#organization\",\"name\":\"Alonso &amp; Couce Asociados\",\"url\":\"https:\/\/alonsocouce.com\/\",\"logo\":{\"@type\":\"ImageObject\",\"inLanguage\":\"en-GB\",\"@id\":\"https:\/\/alonsocouce.com\/#\/schema\/logo\/image\/\",\"url\":\"http:\/\/alonsocouce.com\/wp-content\/uploads\/2021\/06\/Logo-Alonso.png\",\"contentUrl\":\"http:\/\/alonsocouce.com\/wp-content\/uploads\/2021\/06\/Logo-Alonso.png\",\"width\":316,\"height\":82,\"caption\":\"Alonso &amp; Couce Asociados\"},\"image\":{\"@id\":\"https:\/\/alonsocouce.com\/#\/schema\/logo\/image\/\"},\"sameAs\":[\"https:\/\/www.facebook.com\/alonsocouceabogados\/\"]}]}<\/script>\n<!-- \/ Yoast SEO plugin. -->","yoast_head_json":{"title":"Contacto | Bufete de abogados en Marbella Alonso & Couce Asoc.","description":"Cont\u00e1ctanos en Alonso & Couce, su bufete de abogados en Marbella. Estamos listos para ayudarle con asesoramiento legal personalizado. \u00a1Escr\u00edbanos ahora!","robots":{"index":"index","follow":"follow","max-snippet":"max-snippet:-1","max-image-preview":"max-image-preview:large","max-video-preview":"max-video-preview:-1"},"canonical":"https:\/\/alonsocouce.com\/en\/contacto\/","og_locale":"en_GB","og_type":"article","og_title":"Contacto | Bufete de abogados en Marbella Alonso & Couce Asoc.","og_description":"Cont\u00e1ctanos en Alonso & Couce, su bufete de abogados en Marbella. Estamos listos para ayudarle con asesoramiento legal personalizado. \u00a1Escr\u00edbanos ahora!","og_url":"https:\/\/alonsocouce.com\/en\/contacto\/","og_site_name":"Alonso &amp; Couce Asociados","article_publisher":"https:\/\/www.facebook.com\/alonsocouceabogados\/","article_modified_time":"2025-12-15T18:45:36+00:00","og_image":[{"width":316,"height":200,"url":"https:\/\/alonsocouce.com\/wp-content\/uploads\/2024\/08\/Logo-Alonso-Escalado.png","type":"image\/png"}],"twitter_card":"summary_large_image","twitter_misc":{"Estimated reading time":"1 minute"},"schema":{"@context":"https:\/\/schema.org","@graph":[{"@type":"WebPage","@id":"https:\/\/alonsocouce.com\/contacto\/","url":"https:\/\/alonsocouce.com\/contacto\/","name":"Contacto | Bufete de abogados en Marbella Alonso & Couce Asoc.","isPartOf":{"@id":"https:\/\/alonsocouce.com\/#website"},"datePublished":"2018-05-31T07:31:49+00:00","dateModified":"2025-12-15T18:45:36+00:00","description":"Cont\u00e1ctanos en Alonso & Couce, su bufete de abogados en Marbella. Estamos listos para ayudarle con asesoramiento legal personalizado. \u00a1Escr\u00edbanos ahora!","breadcrumb":{"@id":"https:\/\/alonsocouce.com\/contacto\/#breadcrumb"},"inLanguage":"en-GB","potentialAction":[{"@type":"ReadAction","target":["https:\/\/alonsocouce.com\/contacto\/"]}]},{"@type":"BreadcrumbList","@id":"https:\/\/alonsocouce.com\/contacto\/#breadcrumb","itemListElement":[{"@type":"ListItem","position":1,"name":"Portada","item":"https:\/\/alonsocouce.com\/"},{"@type":"ListItem","position":2,"name":"Contacto"}]},{"@type":"WebSite","@id":"https:\/\/alonsocouce.com\/#website","url":"https:\/\/alonsocouce.com\/","name":"Alonso &amp; Couce Asociados","description":"Abogados","publisher":{"@id":"https:\/\/alonsocouce.com\/#organization"},"potentialAction":[{"@type":"SearchAction","target":{"@type":"EntryPoint","urlTemplate":"https:\/\/alonsocouce.com\/?s={search_term_string}"},"query-input":"required name=search_term_string"}],"inLanguage":"en-GB"},{"@type":"Organization","@id":"https:\/\/alonsocouce.com\/#organization","name":"Alonso &amp; Couce Asociados","url":"https:\/\/alonsocouce.com\/","logo":{"@type":"ImageObject","inLanguage":"en-GB","@id":"https:\/\/alonsocouce.com\/#\/schema\/logo\/image\/","url":"http:\/\/alonsocouce.com\/wp-content\/uploads\/2021\/06\/Logo-Alonso.png","contentUrl":"http:\/\/alonsocouce.com\/wp-content\/uploads\/2021\/06\/Logo-Alonso.png","width":316,"height":82,"caption":"Alonso &amp; Couce Asociados"},"image":{"@id":"https:\/\/alonsocouce.com\/#\/schema\/logo\/image\/"},"sameAs":["https:\/\/www.facebook.com\/alonsocouceabogados\/"]}]}},"_links":{"self":[{"href":"https:\/\/alonsocouce.com\/en\/wp-json\/wp\/v2\/pages\/623"}],"collection":[{"href":"https:\/\/alonsocouce.com\/en\/wp-json\/wp\/v2\/pages"}],"about":[{"href":"https:\/\/alonsocouce.com\/en\/wp-json\/wp\/v2\/types\/page"}],"author":[{"embeddable":true,"href":"https:\/\/alonsocouce.com\/en\/wp-json\/wp\/v2\/users\/1"}],"replies":[{"embeddable":true,"href":"https:\/\/alonsocouce.com\/en\/wp-json\/wp\/v2\/comments?post=623"}],"version-history":[{"count":23,"href":"https:\/\/alonsocouce.com\/en\/wp-json\/wp\/v2\/pages\/623\/revisions"}],"predecessor-version":[{"id":2291,"href":"https:\/\/alonsocouce.com\/en\/wp-json\/wp\/v2\/pages\/623\/revisions\/2291"}],"wp:attachment":[{"href":"https:\/\/alonsocouce.com\/en\/wp-json\/wp\/v2\/media?parent=623"}],"curies":[{"name":"wp","href":"https:\/\/api.w.org\/{rel}","templated":true}]}}