{"id":51,"date":"2018-05-03T08:19:37","date_gmt":"2018-05-03T08:19:37","guid":{"rendered":"https:\/\/livewp.site\/wp\/md\/oconnor\/?page_id=51"},"modified":"2024-08-28T17:06:54","modified_gmt":"2024-08-28T15:06:54","slug":"blog","status":"publish","type":"page","link":"https:\/\/alonsocouce.com\/en\/blog\/","title":{"rendered":"Blog"},"content":{"rendered":"<div class=\"\"><div class=\"container\"><div class=\"vc_row wpb_row vc_row-fluid gt3_vc_row_modified\"><div class=\"wpb_column vc_column_container vc_col-sm-12\">\r\n    <div class=\"vc_column-inner\">\r\n        <div class=\"wpb_wrapper\">\r\n            \r\n    <div class=\"vc_row\">\r\n        <div class=\"vc_col-sm-12 gt3_module_featured_posts blog_alignment_left   blog_type4 items1  class_3037\" >\r\n            <div class=\"blog_post_preview format-standard-image has_post_thumb\">                    <div class=\"item_wrapper\">\r\n                        <div class=\"blog_content\">\r\n                                                            <div class=\"blog_post_media\">\r\n                                    <div class=\"\"\r\n                                         style=\"border-radius:0;background:rgba(0,0,0,0.3);\"><\/div>\r\n                                    <a href=\"https:\/\/alonsocouce.com\/en\/blog\/recursos-judiciales-y-actuaciones-25ocev\/\"\"><div class=\"gt3_practice_list__image-placeholder\" style=\"padding-bottom:0%;margin-bottom:-0%;background-color:#BCB2AD;\"><\/div><img decoding=\"async\" style=\"border-radius:0;\" src=\"https:\/\/alonsocouce.com\/wp-content\/uploads\/2025\/10\/recursos-judiciales-y-actuaciones.jpg\" srcset=\"https:\/\/alonsocouce.com\/wp-content\/uploads\/2025\/10\/recursos-judiciales-y-actuaciones.jpg 1200w, https:\/\/alonsocouce.com\/wp-content\/uploads\/2025\/10\/recursos-judiciales-y-actuaciones-992x661.jpg 992w, https:\/\/alonsocouce.com\/wp-content\/uploads\/2025\/10\/recursos-judiciales-y-actuaciones-768x512.jpg 768w,https:\/\/alonsocouce.com\/wp-content\/uploads\/2025\/10\/recursos-judiciales-y-actuaciones-420x280.jpg 420w\" sizes=\"(min-width: 1200px) 1200px, (min-width: 992px) 992px, (min-width: 768px) 768px, (max-width: 600px) 420px\" alt=\"Recursos judiciales y actuaciones: todo lo que debes saber\" \/><\/a>                                <\/div>\r\n\r\n                                                            <div class=\"featured_post_info\"\r\n                                 style=\"border-radius:0\">\r\n\r\n                                <span class=\"post_author\"><a href=\"https:\/\/alonsocouce.com\/en\/blog\/author\/monicaalonsocouce-com\/\"><span class=\"avatar\"><img alt='' src='https:\/\/secure.gravatar.com\/avatar\/04e69794dc6ca5a9a49c013fa38ddd56?s=44&#038;d=mm&#038;r=g' srcset='https:\/\/secure.gravatar.com\/avatar\/04e69794dc6ca5a9a49c013fa38ddd56?s=88&#038;d=mm&#038;r=g 2x' class='avatar avatar-44 photo' height='44' width='44' \/><\/span><span>by M\u00f3nica Alonso<\/span><\/a><\/span><h2 class=\"blogpost_title\"><a href=\"https:\/\/alonsocouce.com\/en\/blog\/recursos-judiciales-y-actuaciones-25ocev\/\">Recursos judiciales y actuaciones: todo lo que debes saber<\/a><\/h2>                                    <p >\r\n                                        \nEn el \u00e1mbito del Derecho, los recursos judiciales y las actuaciones judiciales son conceptos fundamentales para entender c\u00f3mo funciona la justicia en la...                                    <\/p>\r\n                                                                    <a href=\"https:\/\/alonsocouce.com\/en\/blog\/recursos-judiciales-y-actuaciones-25ocev\/\"\r\n                                       class=\"blog_post_button learn_more button_arrow right_arrow\">Read More                                        <span><\/span><\/a>\r\n                                                                        <div class=\"listing_meta\"><span class=\"post_category\"> <a href=\"https:\/\/alonsocouce.com\/en\/blog\/category\/recursos-judiciales-y-actuaciones\/\">Recursos Judiciales y Actuaciones<\/a><\/span><span class=\"post_date\">October 30, 2025<\/span><\/div>\r\n                                                                <\/div>\r\n                        <\/div>\r\n                    <\/div>\r\n                    <\/div><!-- .blog_post_preview --><div class=\"blog_post_preview format-standard-image has_post_thumb\">                    <div class=\"item_wrapper\">\r\n                        <div class=\"blog_content\">\r\n                                                            <div class=\"blog_post_media\">\r\n                                    <div class=\"\"\r\n                                         style=\"border-radius:0;background:rgba(0,0,0,0.3);\"><\/div>\r\n                                    <a href=\"https:\/\/alonsocouce.com\/en\/blog\/abogado-de-familia-25ocev\/\"\"><div class=\"gt3_practice_list__image-placeholder\" style=\"padding-bottom:0%;margin-bottom:-0%;background-color:#9E948C;\"><\/div><img decoding=\"async\" style=\"border-radius:0;\" src=\"https:\/\/alonsocouce.com\/wp-content\/uploads\/2025\/10\/abogado-de-familia.jpg\" srcset=\"https:\/\/alonsocouce.com\/wp-content\/uploads\/2025\/10\/abogado-de-familia.jpg 1200w, https:\/\/alonsocouce.com\/wp-content\/uploads\/2025\/10\/abogado-de-familia-992x659.jpg 992w, https:\/\/alonsocouce.com\/wp-content\/uploads\/2025\/10\/abogado-de-familia-768x510.jpg 768w,https:\/\/alonsocouce.com\/wp-content\/uploads\/2025\/10\/abogado-de-familia-420x279.jpg 420w\" sizes=\"(min-width: 1200px) 1200px, (min-width: 992px) 992px, (min-width: 768px) 768px, (max-width: 600px) 420px\" alt=\"\u00bfQu\u00e9 hace un abogado de familia?\" \/><\/a>                                <\/div>\r\n\r\n                                                            <div class=\"featured_post_info\"\r\n                                 style=\"border-radius:0\">\r\n\r\n                                <span class=\"post_author\"><a href=\"https:\/\/alonsocouce.com\/en\/blog\/author\/monicaalonsocouce-com\/\"><span class=\"avatar\"><img alt='' src='https:\/\/secure.gravatar.com\/avatar\/04e69794dc6ca5a9a49c013fa38ddd56?s=44&#038;d=mm&#038;r=g' srcset='https:\/\/secure.gravatar.com\/avatar\/04e69794dc6ca5a9a49c013fa38ddd56?s=88&#038;d=mm&#038;r=g 2x' class='avatar avatar-44 photo' height='44' width='44' \/><\/span><span>by M\u00f3nica Alonso<\/span><\/a><\/span><h2 class=\"blogpost_title\"><a href=\"https:\/\/alonsocouce.com\/en\/blog\/abogado-de-familia-25ocev\/\">\u00bfQu\u00e9 hace un abogado de familia?<\/a><\/h2>                                    <p >\r\n                                        \nEn la vida de toda persona, hay momentos en los que las decisiones legales se cruzan con lo emocional: un divorcio, la custodia de los hijos, una herencia...                                    <\/p>\r\n                                                                    <a href=\"https:\/\/alonsocouce.com\/en\/blog\/abogado-de-familia-25ocev\/\"\r\n                                       class=\"blog_post_button learn_more button_arrow right_arrow\">Read More                                        <span><\/span><\/a>\r\n                                                                        <div class=\"listing_meta\"><span class=\"post_category\"> <a href=\"https:\/\/alonsocouce.com\/en\/blog\/category\/derecho-de-familia\/\">Family Law<\/a><\/span><span class=\"post_date\">October 23, 2025<\/span><\/div>\r\n                                                                <\/div>\r\n                        <\/div>\r\n                    <\/div>\r\n                    <\/div><!-- .blog_post_preview --><div class=\"blog_post_preview format-standard-image has_post_thumb\">                    <div class=\"item_wrapper\">\r\n                        <div class=\"blog_content\">\r\n                                                            <div class=\"blog_post_media\">\r\n                                    <div class=\"\"\r\n                                         style=\"border-radius:0;background:rgba(0,0,0,0.3);\"><\/div>\r\n                                    <a href=\"https:\/\/alonsocouce.com\/en\/blog\/abogado-de-herencias-25ocev\/\"\"><div class=\"gt3_practice_list__image-placeholder\" style=\"padding-bottom:0%;margin-bottom:-0%;background-color:#83757B;\"><\/div><img decoding=\"async\" style=\"border-radius:0;\" src=\"https:\/\/alonsocouce.com\/wp-content\/uploads\/2025\/10\/abogado-de-herencias-1200x800.jpg\" srcset=\"https:\/\/alonsocouce.com\/wp-content\/uploads\/2025\/10\/abogado-de-herencias-1200x800.jpg 1200w, https:\/\/alonsocouce.com\/wp-content\/uploads\/2025\/10\/abogado-de-herencias-992x661.jpg 992w, https:\/\/alonsocouce.com\/wp-content\/uploads\/2025\/10\/abogado-de-herencias-768x512.jpg 768w,https:\/\/alonsocouce.com\/wp-content\/uploads\/2025\/10\/abogado-de-herencias-420x280.jpg 420w\" sizes=\"(min-width: 1200px) 1200px, (min-width: 992px) 992px, (min-width: 768px) 768px, (max-width: 600px) 420px\" alt=\"\u00bfQu\u00e9 hace un abogado de herencias y por qu\u00e9 es clave en una sucesi\u00f3n?\" \/><\/a>                                <\/div>\r\n\r\n                                                            <div class=\"featured_post_info\"\r\n                                 style=\"border-radius:0\">\r\n\r\n                                <span class=\"post_author\"><a href=\"https:\/\/alonsocouce.com\/en\/blog\/author\/monicaalonsocouce-com\/\"><span class=\"avatar\"><img alt='' src='https:\/\/secure.gravatar.com\/avatar\/04e69794dc6ca5a9a49c013fa38ddd56?s=44&#038;d=mm&#038;r=g' srcset='https:\/\/secure.gravatar.com\/avatar\/04e69794dc6ca5a9a49c013fa38ddd56?s=88&#038;d=mm&#038;r=g 2x' class='avatar avatar-44 photo' height='44' width='44' \/><\/span><span>by M\u00f3nica Alonso<\/span><\/a><\/span><h2 class=\"blogpost_title\"><a href=\"https:\/\/alonsocouce.com\/en\/blog\/abogado-de-herencias-25ocev\/\">\u00bfQu\u00e9 hace un abogado de herencias y por qu\u00e9 es clave en una sucesi\u00f3n?<\/a><\/h2>                                    <p >\r\n                                        \nCuando fallece un ser querido, adem\u00e1s del duelo, las familias deben afrontar un proceso complejo: la gesti\u00f3n de la herencia. En ese momento, contar con un...                                    <\/p>\r\n                                                                    <a href=\"https:\/\/alonsocouce.com\/en\/blog\/abogado-de-herencias-25ocev\/\"\r\n                                       class=\"blog_post_button learn_more button_arrow right_arrow\">Read More                                        <span><\/span><\/a>\r\n                                                                        <div class=\"listing_meta\"><span class=\"post_category\"> <a href=\"https:\/\/alonsocouce.com\/en\/blog\/category\/derecho-de-herencias-y-sucesiones\/\">Derecho de Herencias y Sucesiones<\/a><\/span><span class=\"post_date\">October 16, 2025<\/span><\/div>\r\n                                                                <\/div>\r\n                        <\/div>\r\n                    <\/div>\r\n                    <\/div><!-- .blog_post_preview --><div class=\"blog_post_preview format-standard-image has_post_thumb\">                    <div class=\"item_wrapper\">\r\n                        <div class=\"blog_content\">\r\n                                                            <div class=\"blog_post_media\">\r\n                                    <div class=\"\"\r\n                                         style=\"border-radius:0;background:rgba(0,0,0,0.3);\"><\/div>\r\n                                    <a href=\"https:\/\/alonsocouce.com\/en\/blog\/que-hace-un-abogado-inmobiliario-25agev\/\"\"><div class=\"gt3_practice_list__image-placeholder\" style=\"padding-bottom:0%;margin-bottom:-0%;background-color:#CCC7B5;\"><\/div><img decoding=\"async\" style=\"border-radius:0;\" src=\"https:\/\/alonsocouce.com\/wp-content\/uploads\/2025\/02\/Derecho-Inmobiliario-y-de-la-Construccion-en-Marbella-1-1200x800.jpg\" srcset=\"https:\/\/alonsocouce.com\/wp-content\/uploads\/2025\/02\/Derecho-Inmobiliario-y-de-la-Construccion-en-Marbella-1-1200x800.jpg 1200w, https:\/\/alonsocouce.com\/wp-content\/uploads\/2025\/02\/Derecho-Inmobiliario-y-de-la-Construccion-en-Marbella-1-992x661.jpg 992w, https:\/\/alonsocouce.com\/wp-content\/uploads\/2025\/02\/Derecho-Inmobiliario-y-de-la-Construccion-en-Marbella-1-768x512.jpg 768w,https:\/\/alonsocouce.com\/wp-content\/uploads\/2025\/02\/Derecho-Inmobiliario-y-de-la-Construccion-en-Marbella-1-420x280.jpg 420w\" sizes=\"(min-width: 1200px) 1200px, (min-width: 992px) 992px, (min-width: 768px) 768px, (max-width: 600px) 420px\" alt=\"\u00bfQu\u00e9 hace un abogado inmobiliario? Funciones, especialidades y cu\u00e1ndo contratarlo\" \/><\/a>                                <\/div>\r\n\r\n                                                            <div class=\"featured_post_info\"\r\n                                 style=\"border-radius:0\">\r\n\r\n                                <span class=\"post_author\"><a href=\"https:\/\/alonsocouce.com\/en\/blog\/author\/monicaalonsocouce-com\/\"><span class=\"avatar\"><img alt='' src='https:\/\/secure.gravatar.com\/avatar\/04e69794dc6ca5a9a49c013fa38ddd56?s=44&#038;d=mm&#038;r=g' srcset='https:\/\/secure.gravatar.com\/avatar\/04e69794dc6ca5a9a49c013fa38ddd56?s=88&#038;d=mm&#038;r=g 2x' class='avatar avatar-44 photo' height='44' width='44' \/><\/span><span>by M\u00f3nica Alonso<\/span><\/a><\/span><h2 class=\"blogpost_title\"><a href=\"https:\/\/alonsocouce.com\/en\/blog\/que-hace-un-abogado-inmobiliario-25agev\/\">\u00bfQu\u00e9 hace un abogado inmobiliario? Funciones, especialidades y cu\u00e1ndo contratarlo<\/a><\/h2>                                    <p >\r\n                                        \nAdquirir una vivienda en la Costa del Sol puede ser un sue\u00f1o\u2026 o una pesadilla si no se cuenta con el asesoramiento adecuado. En zonas como Marbella, donde...                                    <\/p>\r\n                                                                    <a href=\"https:\/\/alonsocouce.com\/en\/blog\/que-hace-un-abogado-inmobiliario-25agev\/\"\r\n                                       class=\"blog_post_button learn_more button_arrow right_arrow\">Read More                                        <span><\/span><\/a>\r\n                                                                        <div class=\"listing_meta\"><span class=\"post_category\"> <a href=\"https:\/\/alonsocouce.com\/en\/blog\/category\/derecho-inmobiliario-y-de-la-construccion\/\">Derecho Inmobiliario y de la Construcci\u00f3n<\/a><\/span><span class=\"post_date\">August 4, 2025<\/span><\/div>\r\n                                                                <\/div>\r\n                        <\/div>\r\n                    <\/div>\r\n                    <\/div><!-- .blog_post_preview --><div class=\"blog_post_preview format-standard-image has_post_thumb\">                    <div class=\"item_wrapper\">\r\n                        <div class=\"blog_content\">\r\n                                                            <div class=\"blog_post_media\">\r\n                                    <div class=\"\"\r\n                                         style=\"border-radius:0;background:rgba(0,0,0,0.3);\"><\/div>\r\n                                    <a href=\"https:\/\/alonsocouce.com\/en\/blog\/que-hace-un-abogado-civil-25jlev\/\"\"><div class=\"gt3_practice_list__image-placeholder\" style=\"padding-bottom:0%;margin-bottom:-0%;background-color:#7F767D;\"><\/div><img decoding=\"async\" style=\"border-radius:0;\" src=\"https:\/\/alonsocouce.com\/wp-content\/uploads\/2024\/09\/Abogado-Civil-en-Marbella-1200x799.jpg\" srcset=\"https:\/\/alonsocouce.com\/wp-content\/uploads\/2024\/09\/Abogado-Civil-en-Marbella-1200x799.jpg 1200w, https:\/\/alonsocouce.com\/wp-content\/uploads\/2024\/09\/Abogado-Civil-en-Marbella-992x661.jpg 992w, https:\/\/alonsocouce.com\/wp-content\/uploads\/2024\/09\/Abogado-Civil-en-Marbella-768x511.jpg 768w,https:\/\/alonsocouce.com\/wp-content\/uploads\/2024\/09\/Abogado-Civil-en-Marbella-420x279.jpg 420w\" sizes=\"(min-width: 1200px) 1200px, (min-width: 992px) 992px, (min-width: 768px) 768px, (max-width: 600px) 420px\" alt=\"\u00bfQu\u00e9 hace un abogado civil? Funciones y especialidades\" \/><\/a>                                <\/div>\r\n\r\n                                                            <div class=\"featured_post_info\"\r\n                                 style=\"border-radius:0\">\r\n\r\n                                <span class=\"post_author\"><a href=\"https:\/\/alonsocouce.com\/en\/blog\/author\/monicaalonsocouce-com\/\"><span class=\"avatar\"><img alt='' src='https:\/\/secure.gravatar.com\/avatar\/04e69794dc6ca5a9a49c013fa38ddd56?s=44&#038;d=mm&#038;r=g' srcset='https:\/\/secure.gravatar.com\/avatar\/04e69794dc6ca5a9a49c013fa38ddd56?s=88&#038;d=mm&#038;r=g 2x' class='avatar avatar-44 photo' height='44' width='44' \/><\/span><span>by M\u00f3nica Alonso<\/span><\/a><\/span><h2 class=\"blogpost_title\"><a href=\"https:\/\/alonsocouce.com\/en\/blog\/que-hace-un-abogado-civil-25jlev\/\">\u00bfQu\u00e9 hace un abogado civil? Funciones y especialidades<\/a><\/h2>                                    <p >\r\n                                        \nImagina que est\u00e1s a punto de firmar el contrato de alquiler para la casa de tus sue\u00f1os en la Costa del Sol, o que has recibido una herencia inesperada y no...                                    <\/p>\r\n                                                                    <a href=\"https:\/\/alonsocouce.com\/en\/blog\/que-hace-un-abogado-civil-25jlev\/\"\r\n                                       class=\"blog_post_button learn_more button_arrow right_arrow\">Read More                                        <span><\/span><\/a>\r\n                                                                        <div class=\"listing_meta\"><span class=\"post_category\"> <a href=\"https:\/\/alonsocouce.com\/en\/blog\/category\/derecho-civil\/\">Derecho civil<\/a><\/span><span class=\"post_date\">July 21, 2025<\/span><\/div>\r\n                                                                <\/div>\r\n                        <\/div>\r\n                    <\/div>\r\n                    <\/div><!-- .blog_post_preview -->                            \r\n        <\/div> <!-- .gt3_module_featured_posts -->\r\n    <\/div>\r\n\r\n\n\n        <script type=\"text\/javascript\">\n\n            var custom_blog_css = \"\";\n\n            if (document.getElementById(\"custom_blog_styles\")) {\n\n                document.getElementById(\"custom_blog_styles\").innerHTML += custom_blog_css;\n\n            } else if (custom_blog_css !== \"\") {\n\n                document.head.innerHTML += '<style id=\"custom_blog_styles\" type=\"text\/css\">'+custom_blog_css+'<\/style>';\n\n            }\n\n        <\/script>\n\n            <\/div>\r\n    <\/div>\r\n<\/div>\r\n<\/div><\/div><!-- .container --><\/div>","protected":false},"excerpt":{"rendered":"Imagina que est\u00e1s a punto de firmar el contrato de alquiler para la casa de tus sue\u00f1os en la Costa del Sol, o que has recibido una herencia inesperada y no sabes por d\u00f3nde empezar. En momentos tan cruciales como estos, la figura del abogado civil se convierte en tu mejor aliada. Este profesional del [...]","protected":false},"author":1,"featured_media":0,"parent":0,"menu_order":0,"comment_status":"closed","ping_status":"closed","template":"","meta":{"inline_featured_image":false,"footnotes":""},"yoast_head":"<!-- This site is optimized with the Yoast SEO plugin v21.5 - https:\/\/yoast.com\/wordpress\/plugins\/seo\/ -->\n<title>Blog - Alonso &amp; Couce Asociados<\/title>\n<meta name=\"robots\" content=\"noindex, nofollow\" \/>\n<meta property=\"og:locale\" content=\"en_GB\" \/>\n<meta property=\"og:type\" content=\"article\" \/>\n<meta property=\"og:title\" content=\"Blog - Alonso &amp; Couce Asociados\" \/>\n<meta property=\"og:url\" content=\"https:\/\/alonsocouce.com\/en\/blog\/\" \/>\n<meta property=\"og:site_name\" content=\"Alonso &amp; Couce Asociados\" \/>\n<meta property=\"article:publisher\" content=\"https:\/\/www.facebook.com\/alonsocouceabogados\/\" \/>\n<meta property=\"article:modified_time\" content=\"2024-08-28T15:06:54+00:00\" \/>\n<meta name=\"twitter:card\" content=\"summary_large_image\" \/>\n<meta name=\"twitter:label1\" content=\"Estimated reading time\" \/>\n\t<meta name=\"twitter:data1\" content=\"1 minute\" \/>\n<script type=\"application\/ld+json\" class=\"yoast-schema-graph\">{\"@context\":\"https:\/\/schema.org\",\"@graph\":[{\"@type\":\"WebPage\",\"@id\":\"https:\/\/alonsocouce.com\/blog\/\",\"url\":\"https:\/\/alonsocouce.com\/blog\/\",\"name\":\"Blog - Alonso &amp; Couce Asociados\",\"isPartOf\":{\"@id\":\"https:\/\/alonsocouce.com\/#website\"},\"datePublished\":\"2018-05-03T08:19:37+00:00\",\"dateModified\":\"2024-08-28T15:06:54+00:00\",\"breadcrumb\":{\"@id\":\"https:\/\/alonsocouce.com\/blog\/#breadcrumb\"},\"inLanguage\":\"en-GB\",\"potentialAction\":[{\"@type\":\"ReadAction\",\"target\":[\"https:\/\/alonsocouce.com\/blog\/\"]}]},{\"@type\":\"BreadcrumbList\",\"@id\":\"https:\/\/alonsocouce.com\/blog\/#breadcrumb\",\"itemListElement\":[{\"@type\":\"ListItem\",\"position\":1,\"name\":\"Portada\",\"item\":\"https:\/\/alonsocouce.com\/\"},{\"@type\":\"ListItem\",\"position\":2,\"name\":\"Blog\"}]},{\"@type\":\"WebSite\",\"@id\":\"https:\/\/alonsocouce.com\/#website\",\"url\":\"https:\/\/alonsocouce.com\/\",\"name\":\"Alonso &amp; Couce Asociados\",\"description\":\"Abogados\",\"publisher\":{\"@id\":\"https:\/\/alonsocouce.com\/#organization\"},\"potentialAction\":[{\"@type\":\"SearchAction\",\"target\":{\"@type\":\"EntryPoint\",\"urlTemplate\":\"https:\/\/alonsocouce.com\/?s={search_term_string}\"},\"query-input\":\"required name=search_term_string\"}],\"inLanguage\":\"en-GB\"},{\"@type\":\"Organization\",\"@id\":\"https:\/\/alonsocouce.com\/#organization\",\"name\":\"Alonso &amp; Couce Asociados\",\"url\":\"https:\/\/alonsocouce.com\/\",\"logo\":{\"@type\":\"ImageObject\",\"inLanguage\":\"en-GB\",\"@id\":\"https:\/\/alonsocouce.com\/#\/schema\/logo\/image\/\",\"url\":\"http:\/\/alonsocouce.com\/wp-content\/uploads\/2021\/06\/Logo-Alonso.png\",\"contentUrl\":\"http:\/\/alonsocouce.com\/wp-content\/uploads\/2021\/06\/Logo-Alonso.png\",\"width\":316,\"height\":82,\"caption\":\"Alonso &amp; Couce Asociados\"},\"image\":{\"@id\":\"https:\/\/alonsocouce.com\/#\/schema\/logo\/image\/\"},\"sameAs\":[\"https:\/\/www.facebook.com\/alonsocouceabogados\/\"]}]}<\/script>\n<!-- \/ Yoast SEO plugin. -->","yoast_head_json":{"title":"Blog - Alonso &amp; Couce Asociados","robots":{"index":"noindex","follow":"nofollow"},"og_locale":"en_GB","og_type":"article","og_title":"Blog - Alonso &amp; Couce Asociados","og_url":"https:\/\/alonsocouce.com\/en\/blog\/","og_site_name":"Alonso &amp; Couce Asociados","article_publisher":"https:\/\/www.facebook.com\/alonsocouceabogados\/","article_modified_time":"2024-08-28T15:06:54+00:00","twitter_card":"summary_large_image","twitter_misc":{"Estimated reading time":"1 minute"},"schema":{"@context":"https:\/\/schema.org","@graph":[{"@type":"WebPage","@id":"https:\/\/alonsocouce.com\/blog\/","url":"https:\/\/alonsocouce.com\/blog\/","name":"Blog - Alonso &amp; Couce Asociados","isPartOf":{"@id":"https:\/\/alonsocouce.com\/#website"},"datePublished":"2018-05-03T08:19:37+00:00","dateModified":"2024-08-28T15:06:54+00:00","breadcrumb":{"@id":"https:\/\/alonsocouce.com\/blog\/#breadcrumb"},"inLanguage":"en-GB","potentialAction":[{"@type":"ReadAction","target":["https:\/\/alonsocouce.com\/blog\/"]}]},{"@type":"BreadcrumbList","@id":"https:\/\/alonsocouce.com\/blog\/#breadcrumb","itemListElement":[{"@type":"ListItem","position":1,"name":"Portada","item":"https:\/\/alonsocouce.com\/"},{"@type":"ListItem","position":2,"name":"Blog"}]},{"@type":"WebSite","@id":"https:\/\/alonsocouce.com\/#website","url":"https:\/\/alonsocouce.com\/","name":"Alonso &amp; Couce Asociados","description":"Abogados","publisher":{"@id":"https:\/\/alonsocouce.com\/#organization"},"potentialAction":[{"@type":"SearchAction","target":{"@type":"EntryPoint","urlTemplate":"https:\/\/alonsocouce.com\/?s={search_term_string}"},"query-input":"required name=search_term_string"}],"inLanguage":"en-GB"},{"@type":"Organization","@id":"https:\/\/alonsocouce.com\/#organization","name":"Alonso &amp; Couce Asociados","url":"https:\/\/alonsocouce.com\/","logo":{"@type":"ImageObject","inLanguage":"en-GB","@id":"https:\/\/alonsocouce.com\/#\/schema\/logo\/image\/","url":"http:\/\/alonsocouce.com\/wp-content\/uploads\/2021\/06\/Logo-Alonso.png","contentUrl":"http:\/\/alonsocouce.com\/wp-content\/uploads\/2021\/06\/Logo-Alonso.png","width":316,"height":82,"caption":"Alonso &amp; Couce Asociados"},"image":{"@id":"https:\/\/alonsocouce.com\/#\/schema\/logo\/image\/"},"sameAs":["https:\/\/www.facebook.com\/alonsocouceabogados\/"]}]}},"_links":{"self":[{"href":"https:\/\/alonsocouce.com\/en\/wp-json\/wp\/v2\/pages\/51"}],"collection":[{"href":"https:\/\/alonsocouce.com\/en\/wp-json\/wp\/v2\/pages"}],"about":[{"href":"https:\/\/alonsocouce.com\/en\/wp-json\/wp\/v2\/types\/page"}],"author":[{"embeddable":true,"href":"https:\/\/alonsocouce.com\/en\/wp-json\/wp\/v2\/users\/1"}],"replies":[{"embeddable":true,"href":"https:\/\/alonsocouce.com\/en\/wp-json\/wp\/v2\/comments?post=51"}],"version-history":[{"count":2,"href":"https:\/\/alonsocouce.com\/en\/wp-json\/wp\/v2\/pages\/51\/revisions"}],"predecessor-version":[{"id":1727,"href":"https:\/\/alonsocouce.com\/en\/wp-json\/wp\/v2\/pages\/51\/revisions\/1727"}],"wp:attachment":[{"href":"https:\/\/alonsocouce.com\/en\/wp-json\/wp\/v2\/media?parent=51"}],"curies":[{"name":"wp","href":"https:\/\/api.w.org\/{rel}","templated":true}]}}