{"id":3,"date":"2021-06-01T16:03:02","date_gmt":"2021-06-01T16:03:02","guid":{"rendered":"https:\/\/alonso.sebserver.com\/?page_id=3"},"modified":"2023-09-07T15:15:01","modified_gmt":"2023-09-07T13:15:01","slug":"politica-de-privacidad","status":"publish","type":"page","link":"https:\/\/alonsocouce.com\/en\/politica-de-privacidad\/","title":{"rendered":"Privacy Policy"},"content":{"rendered":"<div class=\"\"><div class=\"container\"><div class=\"vc_row wpb_row vc_row-fluid gt3_vc_row_modified\"><div class=\"wpb_column vc_column_container vc_col-sm-12\">\r\n    <div class=\"vc_column-inner\">\r\n        <div class=\"wpb_wrapper\">\r\n            \n\t<div class=\"wpb_text_column wpb_content_element\" >\n\t\t<div class=\"wpb_wrapper\">\n\t\t\t<p>Este sitio web, al igual que la mayor\u00eda de los sitios en Internet, usa Cookies para mejorar y optimizar la experiencia del usuario. A continuaci\u00f3n encontrar\u00e1s informaci\u00f3n detallada sobre qu\u00e9 son las \u00abCookies\u00bb, qu\u00e9 tipolog\u00eda utiliza este sitio web, c\u00f3mo puedes desactivarlas en tu navegador y c\u00f3mo bloquear espec\u00edficamente la instalaci\u00f3n de Cookies de terceros.<\/p>\n<p><strong>\u00bfQu\u00e9 son las Cookies y c\u00f3mo las utilizamos?<\/strong><\/p>\n<p>Las Cookies son archivos que el sitio web o la aplicaci\u00f3n que utilizas instala en tu navegador o en tu dispositivo (Smartphone, tableta o televisi\u00f3n conectada) durante tu recorrido por las p\u00e1ginas o por la aplicaci\u00f3n, y sirven para almacenar informaci\u00f3n sobre tu visita. Como la mayor\u00eda de los sitios en internet, utilizamos Cookies para:<\/p>\n<p>Asegurar que las p\u00e1ginas web funcionan correctamente<br \/>\nAlmacenar tus preferencias, como el idioma que has seleccionado o el tama\u00f1o de letra.<br \/>\nConocer tu experiencia de navegaci\u00f3n.<br \/>\nRecopilar informaci\u00f3n estad\u00edstica an\u00f3nima, como qu\u00e9 p\u00e1ginas has visto o cu\u00e1nto tiempo has estado en nuestros medios.<br \/>\nEl uso de Cookies nos permite optimizar tu navegaci\u00f3n, adaptando la informaci\u00f3n y los servicios ofrecidos a tus intereses, para proporcionarte una mejor experiencia siempre que nos visites. Utilizamos Cookies para funcionar, adaptar y facilitar al m\u00e1ximo tu experiencia de navegaci\u00f3n.<\/p>\n<p>Las Cookies se asocian \u00fanicamente a un usuario an\u00f3nimo y su ordenador\/dispositivo y no proporcionan referencias que permitan conocer datos personales. En todo momento podr\u00e1s acceder a la configuraci\u00f3n de tu navegador para modificar y\/o bloquear la instalaci\u00f3n de las Cookies enviadas por nosotros, sin que ello impida al acceso a los contenidos.<\/p>\n<p>Sin embargo, la calidad del funcionamiento de los Servicios puede verse afectada.<\/p>\n<p>Los Usuarios que completen el proceso de registro o hayan iniciado sesi\u00f3n con sus datos de acceso podr\u00e1n acceder a servicios personalizados y adaptados a sus preferencias seg\u00fan la informaci\u00f3n personal suministrada en el momento del registro y la almacenada en la Cookie de su navegador.<\/p>\n<p><strong>\u00bfPor qu\u00e9 son importantes?<\/strong><\/p>\n<p>Desde un punto de vista t\u00e9cnico, permiten que los sitios web funcionen de forma m\u00e1s \u00e1gil y adaptada a las preferencias de los usuarios, como por ejemplo almacenar el idioma, la moneda del pa\u00eds o detectar el dispositivo de acceso.<br \/>\nEstablecen niveles de protecci\u00f3n y seguridad que Impiden o dificultan ciberataques contra el sitio web o sus usuarios.<br \/>\nPermiten que los gestores de los medios puedan conocer datos estad\u00edsticos recopilados en las Cookies para mejorar la calidad y experiencia de sus servicios.<\/p>\n<p><strong>\u00bfCu\u00e1les son los diferentes tipos de Cookies que utilizamos?<\/strong><\/p>\n<p>Las de sesi\u00f3n expiran cuando el Usuario abandona la p\u00e1gina o cierra el navegador, es decir, est\u00e1n activas mientras dura la visita al sitio web y por tanto son borradas de nuestro ordenador al abandonarlo.<\/p>\n<p>Las permanentes expiran cuando se cumple el objetivo para el que sirven o bien cuando se borran manualmente, tienen fecha de borrado y se utilizan normalmente en proceso de compra online, personalizaciones o en el registro, para no tener que introducir nuestra contrase\u00f1a constantemente.<br \/>\nPor otro lado, seg\u00fan quien sea la entidad que gestione el equipo o dominio desde donde se env\u00edan las cookies y trate los datos que se obtengan, podemos distinguir entre Cookies propias y de terceros.<\/p>\n<p>Las Cookies propias son aquellas Cookies que son enviadas a tu ordenador y gestionadas exclusivamente por nosotros para el mejor funcionamiento del Sitio Web. La informaci\u00f3n que recabamos se emplea para mejorar la calidad de nuestro servicio y tu experiencia como usuario.<\/p>\n<p>Si interact\u00faas con el contenido de nuestro Sitio Web tambi\u00e9n pueden establecerse cookies de terceros (por ejemplo, al pulsar botones de redes sociales o visionar v\u00eddeos alojados en otro sitio web), que son aquellas establecidas por un dominio diferente de nuestro Sitio Web. No podemos acceder a los datos almacenados en las cookies de otros sitios web cuando navegues en los citados sitios web.<\/p>\n<p>Navegar por nuestra web supone que se puedan instalar los siguientes tipos de Cookies:<\/p>\n<p>Algunos de nuestros servicios pueden utilizar conectores con diversas redes sociales: Facebook, Twitter, Google+, Linkedin, etc. Al utilizar el registro social, autorizas a la red social a almacenar una Cookie persistente. Esta Cookie recuerda tu identificaci\u00f3n en el servicio, haciendo mucho m\u00e1s r\u00e1pido el acceso en siguientes visitas. Esta Cookie puede ser eliminada, y adem\u00e1s, puedes anular los permisos de acceso a nuestros servicios desde la configuraci\u00f3n de privacidad de la red social concreta.<\/p>\n<p><strong>\u00bfC\u00f3mo puedo configurar mis Cookies?<\/strong><\/p>\n<p>Al navegar y continuar en nuestro Sitio Web estar\u00e1 consintiendo el uso de las Cookies en las condiciones contenidas en la presente Pol\u00edtica de Cookies. Te proporcionamos acceso a esta Pol\u00edtica de Cookies en el momento del registro con el objetivo de que el usuario est\u00e9 informado, y sin perjuicio de que \u00e9ste pueda ejercer su derecho a bloquear, eliminar y rechazar el uso de Cookies en todo momento.<\/p>\n<p>En cualquier caso le informamos de que, dado que las Cookies no son necesarias para el uso de nuestro Sitio Web, puede bloquearlas o deshabilitarlas activando la configuraci\u00f3n de su navegador, que le permite rechazar la instalaci\u00f3n de todas las cookies o de algunas de ellas. La pr\u00e1ctica mayor\u00eda de los navegadores permiten advertir de la presencia de Cookies o rechazarlas autom\u00e1ticamente. Si las rechaza podr\u00e1 seguir usando nuestro Sitio Web, aunque el uso de algunos de sus servicios podr\u00e1 ser limitado y por tanto su experiencia en nuestro Sitio Web menos satisfactoria.<\/p>\n<p>A continuaci\u00f3n te indicamos los links de los principales navegadores y dispositivos para que dispongas de toda la informaci\u00f3n para consultar c\u00f3mo gestionar las cookies en tu navegador.<\/p>\n<p>Internet Explorer\u2122 :<\/p>\n<ul>\n<li><a href=\"http:\/\/support.microsoft.com\/kb\/196955\/es\">Versi\u00f3n 5<\/a><\/li>\n<li><a href=\"http:\/\/support.microsoft.com\/kb\/283185\/es\">Versi\u00f3n 6<\/a><\/li>\n<li><a href=\"http:\/\/windows.microsoft.com\/es-ES\/windows-vista\/Block-or-allow-cookies\">Versi\u00f3n 7 y 8<\/a><\/li>\n<li><a href=\"http:\/\/windows.microsoft.com\/es-ES\/windows7\/How-to-manage-cookies-in-Internet-Explorer-9\">Versi\u00f3n 9<\/a><\/li>\n<\/ul>\n<p><a href=\"http:\/\/support.apple.com\/kb\/HT1677?viewlocale=es_ES\">Safari\u2122<\/a><\/p>\n<p><a href=\"https:\/\/support.google.com\/chrome\/answer\/95647?hl=es&amp;hlrm=en\">Google\u2122<\/a><\/p>\n<p><a href=\"http:\/\/support.mozilla.org\/es\/kb\/cookies-informacion-que-los-sitios-web-guardan-en-?redirectlocale=en-US&amp;redirectslug=Cookies\">Firefox\u2122<\/a><\/p>\n<p><a href=\"http:\/\/help.opera.com\/Windows\/11.50\/es-ES\/cookies.html\">Opera\u2122<\/a><\/p>\n<p><a href=\"http:\/\/support.google.com\/android\/?hl=es\">Android<\/a><\/p>\n<p><a href=\"http:\/\/www.windowsphone.com\/es-ES\/how-to\/wp7\/web\/changing-privacy-and-other-browser-settings\">Windows Phone<\/a><\/p>\n<p><a href=\"http:\/\/docs.blackberry.com\/en\/smartphone_users\/deliverables\/18578\/Turn_off_cookies_in_the_browser_60_1072866_11.jsp\">Blackberry<\/a><\/p>\n\n\t\t<\/div>\n\t<\/div>\n        <\/div>\r\n    <\/div>\r\n<\/div>\r\n<\/div><\/div><!-- .container --><\/div>","protected":false},"excerpt":{"rendered":"Este sitio web, al igual que la mayor\u00eda de los sitios en Internet, usa Cookies para mejorar y optimizar la experiencia del usuario. A continuaci\u00f3n encontrar\u00e1s informaci\u00f3n detallada sobre qu\u00e9 son las \u00abCookies\u00bb, qu\u00e9 tipolog\u00eda utiliza este sitio web, c\u00f3mo puedes desactivarlas en tu navegador y c\u00f3mo bloquear espec\u00edficamente la instalaci\u00f3n de Cookies de terceros. [...]","protected":false},"author":1,"featured_media":0,"parent":0,"menu_order":0,"comment_status":"closed","ping_status":"open","template":"","meta":{"inline_featured_image":false,"footnotes":""},"yoast_head":"<!-- This site is optimized with the Yoast SEO plugin v21.5 - https:\/\/yoast.com\/wordpress\/plugins\/seo\/ -->\n<title>Pol\u00edtica de Privacidad - Alonso &amp; Couce Asociados<\/title>\n<meta name=\"robots\" content=\"index, follow, max-snippet:-1, max-image-preview:large, max-video-preview:-1\" \/>\n<link rel=\"canonical\" href=\"https:\/\/alonsocouce.com\/en\/politica-de-privacidad\/\" \/>\n<meta property=\"og:locale\" content=\"en_GB\" \/>\n<meta property=\"og:type\" content=\"article\" \/>\n<meta property=\"og:title\" content=\"Pol\u00edtica de Privacidad - Alonso &amp; Couce Asociados\" \/>\n<meta property=\"og:url\" content=\"https:\/\/alonsocouce.com\/en\/politica-de-privacidad\/\" \/>\n<meta property=\"og:site_name\" content=\"Alonso &amp; Couce Asociados\" \/>\n<meta property=\"article:publisher\" content=\"https:\/\/www.facebook.com\/alonsocouceabogados\/\" \/>\n<meta property=\"article:modified_time\" content=\"2023-09-07T13:15:01+00:00\" \/>\n<meta name=\"twitter:card\" content=\"summary_large_image\" \/>\n<meta name=\"twitter:label1\" content=\"Estimated reading time\" \/>\n\t<meta name=\"twitter:data1\" content=\"5 minutes\" \/>\n<script type=\"application\/ld+json\" class=\"yoast-schema-graph\">{\"@context\":\"https:\/\/schema.org\",\"@graph\":[{\"@type\":\"WebPage\",\"@id\":\"https:\/\/alonsocouce.com\/politica-de-privacidad\/\",\"url\":\"https:\/\/alonsocouce.com\/politica-de-privacidad\/\",\"name\":\"Pol\u00edtica de Privacidad - Alonso &amp; Couce Asociados\",\"isPartOf\":{\"@id\":\"https:\/\/alonsocouce.com\/#website\"},\"datePublished\":\"2021-06-01T16:03:02+00:00\",\"dateModified\":\"2023-09-07T13:15:01+00:00\",\"breadcrumb\":{\"@id\":\"https:\/\/alonsocouce.com\/politica-de-privacidad\/#breadcrumb\"},\"inLanguage\":\"en-GB\",\"potentialAction\":[{\"@type\":\"ReadAction\",\"target\":[\"https:\/\/alonsocouce.com\/politica-de-privacidad\/\"]}]},{\"@type\":\"BreadcrumbList\",\"@id\":\"https:\/\/alonsocouce.com\/politica-de-privacidad\/#breadcrumb\",\"itemListElement\":[{\"@type\":\"ListItem\",\"position\":1,\"name\":\"Portada\",\"item\":\"https:\/\/alonsocouce.com\/\"},{\"@type\":\"ListItem\",\"position\":2,\"name\":\"Pol\u00edtica de Privacidad\"}]},{\"@type\":\"WebSite\",\"@id\":\"https:\/\/alonsocouce.com\/#website\",\"url\":\"https:\/\/alonsocouce.com\/\",\"name\":\"Alonso &amp; Couce Asociados\",\"description\":\"Abogados\",\"publisher\":{\"@id\":\"https:\/\/alonsocouce.com\/#organization\"},\"potentialAction\":[{\"@type\":\"SearchAction\",\"target\":{\"@type\":\"EntryPoint\",\"urlTemplate\":\"https:\/\/alonsocouce.com\/?s={search_term_string}\"},\"query-input\":\"required name=search_term_string\"}],\"inLanguage\":\"en-GB\"},{\"@type\":\"Organization\",\"@id\":\"https:\/\/alonsocouce.com\/#organization\",\"name\":\"Alonso &amp; Couce Asociados\",\"url\":\"https:\/\/alonsocouce.com\/\",\"logo\":{\"@type\":\"ImageObject\",\"inLanguage\":\"en-GB\",\"@id\":\"https:\/\/alonsocouce.com\/#\/schema\/logo\/image\/\",\"url\":\"http:\/\/alonsocouce.com\/wp-content\/uploads\/2021\/06\/Logo-Alonso.png\",\"contentUrl\":\"http:\/\/alonsocouce.com\/wp-content\/uploads\/2021\/06\/Logo-Alonso.png\",\"width\":316,\"height\":82,\"caption\":\"Alonso &amp; Couce Asociados\"},\"image\":{\"@id\":\"https:\/\/alonsocouce.com\/#\/schema\/logo\/image\/\"},\"sameAs\":[\"https:\/\/www.facebook.com\/alonsocouceabogados\/\"]}]}<\/script>\n<!-- \/ Yoast SEO plugin. -->","yoast_head_json":{"title":"Pol\u00edtica de Privacidad - Alonso &amp; Couce Asociados","robots":{"index":"index","follow":"follow","max-snippet":"max-snippet:-1","max-image-preview":"max-image-preview:large","max-video-preview":"max-video-preview:-1"},"canonical":"https:\/\/alonsocouce.com\/en\/politica-de-privacidad\/","og_locale":"en_GB","og_type":"article","og_title":"Pol\u00edtica de Privacidad - Alonso &amp; Couce Asociados","og_url":"https:\/\/alonsocouce.com\/en\/politica-de-privacidad\/","og_site_name":"Alonso &amp; Couce Asociados","article_publisher":"https:\/\/www.facebook.com\/alonsocouceabogados\/","article_modified_time":"2023-09-07T13:15:01+00:00","twitter_card":"summary_large_image","twitter_misc":{"Estimated reading time":"5 minutes"},"schema":{"@context":"https:\/\/schema.org","@graph":[{"@type":"WebPage","@id":"https:\/\/alonsocouce.com\/politica-de-privacidad\/","url":"https:\/\/alonsocouce.com\/politica-de-privacidad\/","name":"Pol\u00edtica de Privacidad - Alonso &amp; Couce Asociados","isPartOf":{"@id":"https:\/\/alonsocouce.com\/#website"},"datePublished":"2021-06-01T16:03:02+00:00","dateModified":"2023-09-07T13:15:01+00:00","breadcrumb":{"@id":"https:\/\/alonsocouce.com\/politica-de-privacidad\/#breadcrumb"},"inLanguage":"en-GB","potentialAction":[{"@type":"ReadAction","target":["https:\/\/alonsocouce.com\/politica-de-privacidad\/"]}]},{"@type":"BreadcrumbList","@id":"https:\/\/alonsocouce.com\/politica-de-privacidad\/#breadcrumb","itemListElement":[{"@type":"ListItem","position":1,"name":"Portada","item":"https:\/\/alonsocouce.com\/"},{"@type":"ListItem","position":2,"name":"Pol\u00edtica de Privacidad"}]},{"@type":"WebSite","@id":"https:\/\/alonsocouce.com\/#website","url":"https:\/\/alonsocouce.com\/","name":"Alonso &amp; Couce Asociados","description":"Abogados","publisher":{"@id":"https:\/\/alonsocouce.com\/#organization"},"potentialAction":[{"@type":"SearchAction","target":{"@type":"EntryPoint","urlTemplate":"https:\/\/alonsocouce.com\/?s={search_term_string}"},"query-input":"required name=search_term_string"}],"inLanguage":"en-GB"},{"@type":"Organization","@id":"https:\/\/alonsocouce.com\/#organization","name":"Alonso &amp; Couce Asociados","url":"https:\/\/alonsocouce.com\/","logo":{"@type":"ImageObject","inLanguage":"en-GB","@id":"https:\/\/alonsocouce.com\/#\/schema\/logo\/image\/","url":"http:\/\/alonsocouce.com\/wp-content\/uploads\/2021\/06\/Logo-Alonso.png","contentUrl":"http:\/\/alonsocouce.com\/wp-content\/uploads\/2021\/06\/Logo-Alonso.png","width":316,"height":82,"caption":"Alonso &amp; Couce Asociados"},"image":{"@id":"https:\/\/alonsocouce.com\/#\/schema\/logo\/image\/"},"sameAs":["https:\/\/www.facebook.com\/alonsocouceabogados\/"]}]}},"_links":{"self":[{"href":"https:\/\/alonsocouce.com\/en\/wp-json\/wp\/v2\/pages\/3"}],"collection":[{"href":"https:\/\/alonsocouce.com\/en\/wp-json\/wp\/v2\/pages"}],"about":[{"href":"https:\/\/alonsocouce.com\/en\/wp-json\/wp\/v2\/types\/page"}],"author":[{"embeddable":true,"href":"https:\/\/alonsocouce.com\/en\/wp-json\/wp\/v2\/users\/1"}],"replies":[{"embeddable":true,"href":"https:\/\/alonsocouce.com\/en\/wp-json\/wp\/v2\/comments?post=3"}],"version-history":[{"count":5,"href":"https:\/\/alonsocouce.com\/en\/wp-json\/wp\/v2\/pages\/3\/revisions"}],"predecessor-version":[{"id":1850,"href":"https:\/\/alonsocouce.com\/en\/wp-json\/wp\/v2\/pages\/3\/revisions\/1850"}],"wp:attachment":[{"href":"https:\/\/alonsocouce.com\/en\/wp-json\/wp\/v2\/media?parent=3"}],"curies":[{"name":"wp","href":"https:\/\/api.w.org\/{rel}","templated":true}]}}