{"id":242,"date":"2018-05-11T08:44:39","date_gmt":"2018-05-11T08:44:39","guid":{"rendered":"https:\/\/livewp.site\/wp\/md\/oconnor\/?page_id=242"},"modified":"2025-11-04T17:57:55","modified_gmt":"2025-11-04T16:57:55","slug":"servicios","status":"publish","type":"page","link":"https:\/\/alonsocouce.com\/en\/servicios\/","title":{"rendered":"Legal Advisory Services in Marbella"},"content":{"rendered":"<div class=\"\"><div class=\"container\"><div class=\"vc_row wpb_row vc_row-fluid gt3_vc_row_modified\"><div class=\"wpb_column vc_column_container vc_col-sm-2\">\r\n    <div class=\"vc_column-inner\">\r\n        <div class=\"wpb_wrapper\">\r\n                    <\/div>\r\n    <\/div>\r\n<\/div>\r\n<div class=\"wpb_column vc_column_container vc_col-sm-8\">\r\n    <div class=\"vc_column-inner\">\r\n        <div class=\"wpb_wrapper\">\r\n            \n\t<div class=\"wpb_text_column wpb_content_element  vc_custom_1730228698156\" >\n\t\t<div class=\"wpb_wrapper\">\n\t\t\t<p><span style=\"font-weight: 400;\">At our <\/span><a href=\"https:\/\/alonsocouce.com\/en\/\"><b>law firm in Marbella<\/b><\/a><span style=\"font-weight: 400;\">, we offer <\/span><b>specialized legal advice<\/b><span style=\"font-weight: 400;\">, tailored to your specific needs. With a highly qualified team of professionals, we are committed to providing you with a personalized and effective service, guiding you every step of the way so you can make the best decisions.<\/span><\/p>\n<p><span style=\"font-weight: 400;\">Whether you need to protect your interests or prevent potential legal issues, <\/span><b>we are your trusted advisors<\/b><span style=\"font-weight: 400;\">, ensuring peace of mind and support at all times.<\/span><\/p>\n\n\t\t<\/div>\n\t<\/div>\n<div class=\"gt3_icon_box  gt3_icon_box_icon-position_left gt3_icon_box__icon_icon_size_custom gt3-box-image gt3_icon_box_flex_horizontal_left gt3_icon_box_flex_top\"><i class=\"gt3_icon_box__icon\" style=\"margin-right: 25px;width:50px;min-width:50px\"><img loading=\"lazy\" decoding=\"async\" width=\"43\" height=\"49\" src=\"https:\/\/alonsocouce.com\/wp-content\/uploads\/2021\/07\/document-2.png\" class=\"attachment-full size-full\" alt=\"logo - derecho civil\" \/><\/i><div class=\"gt3_icon_box-content-wrapper\"><div class=\"gt3_icon_box__title\"><h2 style=\"color:#272b2e;font-size: 22px;line-height: 165%;text-align: left\"><a href=\"https:\/\/alonsocouce.com\/en\/servicios\/civil-law\/\">Specialists in Civil Law in Marbella<\/a><\/h2><\/div><div class=\"gt3_icon_box__text\" style=\"color:#272b2e;font-size: 18px;line-height: 165%;text-align: left\"><strong>The foundations of civil law move the world.<\/strong><br \/>\nA <a href=\"https:\/\/alonsocouce.com\/en\/servicios\/civil-law\/\">civil lawyer in Marbella<\/a> specializes in advising and representing individuals and businesses in matters related to Civil Law. Their services include drafting and reviewing contracts, resolving disputes regarding inheritances, property, and leases, as well as defense in legal proceedings. Additionally, they provide legal guidance to protect assets and ensure compliance with legal obligations, guaranteeing the best solution for each case.<\/div><\/div><\/div><div class=\"gt3_module_button button_alignment_right\"><a class=\"button_size_normal  vc_custom_1743086368890\"  href=\"https:\/\/alonsocouce.com\/en\/servicios\/civil-law\/\" style=\"border-width: 1px; border-style: solid; \" ><span class=\"gt3_btn_text\">+ info<\/span><\/a><\/div>    <div class=\"gt3_spacing\">\r\n        <div class=\"gt3_spacing-height gt3_spacing-height_default\" style=\"height: 90px;\"><\/div>\r\n            <\/div>\r\n    <div class=\"gt3_icon_box  gt3_icon_box_icon-position_left gt3_icon_box__icon_icon_size_custom gt3-box-image gt3_icon_box_flex_horizontal_left gt3_icon_box_flex_top\"><i class=\"gt3_icon_box__icon\" style=\"margin-right: 25px;width:50px;min-width:50px\"><img loading=\"lazy\" decoding=\"async\" width=\"50\" height=\"49\" src=\"https:\/\/alonsocouce.com\/wp-content\/uploads\/2021\/07\/dog-house.png\" class=\"attachment-full size-full\" alt=\"logo - derecho inmobiliario y de la construcci\u00f3n\" \/><\/i><div class=\"gt3_icon_box-content-wrapper\"><div class=\"gt3_icon_box__title\"><h2 style=\"color:#272b2e;font-size: 22px;line-height: 165%;text-align: left\"><a href=\"https:\/\/alonsocouce.com\/en\/servicios\/real-estate-construction-law\/\">Specialists in Real Estate and Construction Law<\/a><\/h2><\/div><div class=\"gt3_icon_box__text\" style=\"color:#272b2e;font-size: 18px;line-height: 165%;text-align: left\"><strong>Both buying a home and investing in real estate are decisions that shape our lives.<\/strong><br \/>\nA <a href=\"https:\/\/alonsocouce.com\/en\/servicios\/real-estate-construction-law\/\">real estate and construction lawyer in Marbella<\/a> advises and represents clients in all legal matters related to the purchase, sale, rental, development, and construction of real estate. Their services include reviewing and drafting contracts, managing licenses and permits, resolving disputes between buyers, sellers, developers, or builders, as well as protecting real estate investments. Additionally, they ensure compliance with urban planning and construction regulations, providing legal security at every stage of the process.<\/div><\/div><\/div><div class=\"gt3_module_button button_alignment_right\"><a class=\"button_size_normal  vc_custom_1743086375615\"  href=\"https:\/\/alonsocouce.com\/en\/servicios\/real-estate-construction-law\/\" style=\"border-width: 1px; border-style: solid; \" ><span class=\"gt3_btn_text\">+ info<\/span><\/a><\/div>    <div class=\"gt3_spacing\">\r\n        <div class=\"gt3_spacing-height gt3_spacing-height_default\" style=\"height: 90px;\"><\/div>\r\n            <\/div>\r\n    <div class=\"gt3_icon_box  gt3_icon_box_icon-position_left gt3_icon_box__icon_icon_size_custom gt3-box-image gt3_icon_box_flex_horizontal_left gt3_icon_box_flex_top\"><i class=\"gt3_icon_box__icon\" style=\"margin-right: 25px;width:50px;min-width:50px\"><img loading=\"lazy\" decoding=\"async\" width=\"43\" height=\"46\" src=\"https:\/\/alonsocouce.com\/wp-content\/uploads\/2021\/07\/paper-diploma.png\" class=\"attachment-full size-full\" alt=\"logo - derecho de sucesiones\" \/><\/i><div class=\"gt3_icon_box-content-wrapper\"><div class=\"gt3_icon_box__title\"><h2 style=\"color:#272b2e;font-size: 22px;line-height: 165%;text-align: left\"><a href=\"https:\/\/alonsocouce.com\/en\/servicios\/inheritance-law\/\">Lawyer Specializing in Inheritance Law<\/a><\/h2><\/div><div class=\"gt3_icon_box__text\" style=\"color:#272b2e;font-size: 18px;line-height: 165%;text-align: left\"><strong>We listen, we plan, we solve.<\/strong><br \/>\nA <a href=\"https:\/\/alonsocouce.com\/en\/servicios\/inheritance-law\/\">lawyer specializing in inheritance law in Marbella<\/a> advises and represents heirs and legatees in the planning and management of inheritances. Their services include drafting wills, processing heir declarations, distributing assets, and resolving inheritance disputes. Additionally, they ensure compliance with the deceased's wishes and the correct application of current regulations, preventing legal issues and reducing the administrative and emotional burden for those involved.<\/div><\/div><\/div><div class=\"gt3_module_button button_alignment_right\"><a class=\"button_size_normal  vc_custom_1752526350565\"  href=\"https:\/\/alonsocouce.com\/en\/servicios\/inheritance-law\/\" style=\"border-width: 1px; border-style: solid; \" ><span class=\"gt3_btn_text\">+ info<\/span><\/a><\/div>    <div class=\"gt3_spacing\">\r\n        <div class=\"gt3_spacing-height gt3_spacing-height_default\" style=\"height: 90px;\"><\/div>\r\n            <\/div>\r\n    <div class=\"gt3_icon_box  gt3_icon_box_icon-position_left gt3_icon_box__icon_icon_size_custom gt3-box-image gt3_icon_box_flex_horizontal_left gt3_icon_box_flex_top\"><i class=\"gt3_icon_box__icon\" style=\"margin-right: 25px;width:50px;min-width:50px\"><img loading=\"lazy\" decoding=\"async\" width=\"48\" height=\"49\" src=\"https:\/\/alonsocouce.com\/wp-content\/uploads\/2021\/07\/family.png\" class=\"attachment-full size-full\" alt=\"logo - derecho de familia\" \/><\/i><div class=\"gt3_icon_box-content-wrapper\"><div class=\"gt3_icon_box__title\"><h2 style=\"color:#272b2e;font-size: 22px;line-height: 165%;text-align: left\"><a href=\"https:\/\/alonsocouce.com\/en\/servicios\/family-law\/\">Family Lawyers in Marbella<\/a><\/h2><\/div><div class=\"gt3_icon_box__text\" style=\"color:#272b2e;font-size: 18px;line-height: 165%;text-align: left\"><strong>The most important undertaking of his life, his family.<\/strong><br \/>\nA <b>lawyer specializing in family law in Marbella<\/b> advises and represents clients in legal matters related to family affairs. Their services include handling divorces, separations, custody arrangements, child support, and visitation rights, as well as drafting prenuptial agreements and marital property agreements. Additionally, they assist in the division of marital assets and the resolution of family disputes, ensuring a proper legal approach to protect the rights and interests of all parties involved.<\/div><\/div><\/div><div class=\"gt3_module_button button_alignment_right\"><a class=\"button_size_normal  vc_custom_1759422989531\"  href=\"https:\/\/alonsocouce.com\/en\/servicios\/family-law\/\" style=\"border-width: 1px; border-style: solid; \" ><span class=\"gt3_btn_text\">+ info<\/span><\/a><\/div>    <div class=\"gt3_spacing\">\r\n        <div class=\"gt3_spacing-height gt3_spacing-height_default\" style=\"height: 90px;\"><\/div>\r\n            <\/div>\r\n    <div class=\"gt3_icon_box  gt3_icon_box_icon-position_left gt3_icon_box__icon_icon_size_custom gt3-box-image gt3_icon_box_flex_horizontal_left gt3_icon_box_flex_top\"><i class=\"gt3_icon_box__icon\" style=\"margin-right: 25px;width:50px;min-width:50px\"><img loading=\"lazy\" decoding=\"async\" width=\"48\" height=\"48\" src=\"https:\/\/alonsocouce.com\/wp-content\/uploads\/2021\/07\/law.png\" class=\"attachment-full size-full\" alt=\"logo - actuaci\u00f3n judicial\" \/><\/i><div class=\"gt3_icon_box-content-wrapper\"><div class=\"gt3_icon_box__title\"><h2 style=\"color:#272b2e;font-size: 22px;line-height: 165%;text-align: left\"><a href=\"https:\/\/alonsocouce.com\/en\/servicios\/legal-proceedings-and-appeals\/\">Lawyers Specializing in Legal Proceedings and Appeals<\/a><\/h2><\/div><div class=\"gt3_icon_box__text\" style=\"color:#272b2e;font-size: 18px;line-height: 165%;text-align: left\"><strong>Always one step ahead in decision-making.<\/strong><br \/>\nOur <b>lawyers specializing in legal proceedings and appeals<\/b> represent and defend our clients' rights and interests in civil, commercial, criminal, and administrative litigation cases. We offer a comprehensive service that includes drafting lawsuits, filing appeals, and providing assistance at all judicial levels. With a proactive and strategic approach, we act diligently to ensure the best possible defense, both on the Costa del Sol and throughout Spain.<\/div><\/div><\/div><div class=\"gt3_module_button button_alignment_right\"><a class=\"button_size_normal  vc_custom_1762275465636\"  href=\"https:\/\/alonsocouce.com\/en\/servicios\/legal-proceedings-and-appeals\/\" style=\"border-width: 1px; border-style: solid; \" ><span class=\"gt3_btn_text\">+ info<\/span><\/a><\/div>    <div class=\"gt3_spacing\">\r\n        <div class=\"gt3_spacing-height gt3_spacing-height_default\" style=\"height: 90px;\"><\/div>\r\n            <\/div>\r\n    <div class=\"gt3_icon_box  gt3_icon_box_icon-position_left gt3_icon_box__icon_icon_size_custom gt3-box-image gt3_icon_box_flex_horizontal_left gt3_icon_box_flex_top\"><i class=\"gt3_icon_box__icon\" style=\"margin-right: 25px;width:50px;min-width:50px\"><img loading=\"lazy\" decoding=\"async\" width=\"48\" height=\"48\" src=\"https:\/\/alonsocouce.com\/wp-content\/uploads\/2024\/04\/law-2.png\" class=\"attachment-full size-full\" alt=\"mediaci\u00f3n civil y mercantil\" \/><\/i><div class=\"gt3_icon_box-content-wrapper\"><div class=\"gt3_icon_box__title\"><h2 style=\"color:#272b2e;font-size: 22px;line-height: 165%;text-align: left\">Experts in Civil and Commercial Mediation<\/h2><\/div><div class=\"gt3_icon_box__text\" style=\"color:#272b2e;font-size: 18px;line-height: 165%;text-align: left\"><strong>We create the channels for you to reach a satisfactory agreement.<\/strong><br \/>\nOur <b>experts in civil and commercial mediation<\/b> help resolve conflicts quickly and effectively without the need to go to court. Through an impartial and confidential process, we facilitate dialogue between the parties to reach fair and lasting agreements. This method not only reduces the time and costs associated with litigation but also preserves personal and business relationships, promoting solutions tailored to the needs of each case.<\/div><\/div><\/div><div class=\"gt3_module_button button_alignment_right\"><a class=\"button_size_normal  vc_custom_1743086399029\"  href=\"https:\/\/alonsocouce.com\/en\/contacto\/\" style=\"border-width: 1px; border-style: solid; \" ><span class=\"gt3_btn_text\">+ info<\/span><\/a><\/div>    <div class=\"gt3_spacing\">\r\n        <div class=\"gt3_spacing-height gt3_spacing-height_default\" style=\"height: 90px;\"><\/div>\r\n            <\/div>\r\n            <\/div>\r\n    <\/div>\r\n<\/div>\r\n<div class=\"wpb_column vc_column_container vc_col-sm-2\">\r\n    <div class=\"vc_column-inner\">\r\n        <div class=\"wpb_wrapper\">\r\n                    <\/div>\r\n    <\/div>\r\n<\/div>\r\n<\/div><\/div><!-- .container --><\/div><div data-vc-full-width=\"true\" data-vc-full-width-init=\"false\" class=\"vc_custom_1625220795851\"><div class=\"container\"><div class=\"vc_row wpb_row vc_row-fluid gt3_vc_row_modified vc_row-has-fill\"><div class=\"wpb_column vc_column_container vc_col-sm-12\">\r\n    <div class=\"vc_column-inner\">\r\n        <div class=\"wpb_wrapper\">\r\n                <div class=\"gt3_spacing\">\r\n        <div class=\"gt3_spacing-height gt3_spacing-height_default\" style=\"height: 80px;\"><\/div>\r\n            <\/div>\r\n    \n\t<div  class=\"wpb_single_image wpb_content_element vc_align_center\">\n\t\t\n\t\t<figure class=\"wpb_wrapper vc_figure\">\n\t\t\t<div class=\"vc_single_image-wrapper   vc_box_border_grey\"><img loading=\"lazy\" decoding=\"async\" width=\"66\" height=\"66\" src=\"https:\/\/alonsocouce.com\/wp-content\/uploads\/2021\/07\/Grupo-31.png\" class=\"vc_single_image-img attachment-full\" alt=\"Alonso &amp; Couce Asociados\" \/><\/div>\n\t\t<\/figure>\n\t<\/div>\n    <div class=\"gt3_spacing\">\r\n        <div class=\"gt3_spacing-height gt3_spacing-height_default\" style=\"height: 32px;\"><\/div>\r\n            <\/div>\r\n    <div data-color=\"#ffffff\" class=\"gt3_custom_text  gt3_line-break-default gt3_font-size-inherit gt3_line-height-inherit gt3_color-inherit gt3_separator-disable gt3_full_width-active gt3_custom_text--custom-font\" style=\"font-family:Lato;font-weight:700;font-style:normal;font-size: 14px;line-height: 165%; color: #272b2e; \"><p style=\"text-align: center;\">CONTACT US<\/p>\n<\/div>    <div class=\"gt3_spacing\">\r\n        <div class=\"gt3_spacing-height gt3_spacing-height_default\" style=\"height: 15px;\"><\/div>\r\n            <\/div>\r\n    <div data-color=\"#ffffff\" class=\"gt3_custom_text  gt3_line-break-default gt3_font-size-inherit gt3_line-height-inherit gt3_color-inherit gt3_separator-disable gt3_full_width-active gt3_custom_text--custom-font\" style=\"font-family:Prata;font-weight:400;font-style:normal;font-size: 40px;line-height: 160%; color: #272b2e; \"> <div class=\"gt3_custom_text-font_size_mobile\" style=\"font-size:32px;line-height: 160%;\"><p style=\"text-align: center;\">+34 671 085 822<\/p>\n <\/div><\/div><div data-color=\"#ffffff\" class=\"gt3_custom_text  gt3_line-break-default gt3_font-size-inherit gt3_line-height-inherit gt3_color-inherit gt3_separator-disable gt3_full_width-active gt3_custom_text--custom-font\" style=\"font-family:Lato;font-weight:700;font-style:normal;font-size: 14px;line-height: 165%; color: #272b2e; \"><p style=\"text-align: center;\">O<\/p>\n<\/div><div data-color=\"#ffffff\" class=\"gt3_custom_text  gt3_line-break-default gt3_font-size-inherit gt3_line-height-inherit gt3_color-inherit gt3_separator-disable gt3_full_width-active gt3_custom_text--custom-font\" style=\"font-family:Prata;font-weight:400;font-style:normal;font-size: 32px;line-height: 165%; color: #272b2e; \"><p style=\"text-align: center;\">Request a consultation<\/p>\n<\/div><div class=\"gt3_module_button button_alignment_center\"><a class=\"button_size_normal  vc_custom_1625220631854\"  href=\"https:\/\/alonsocouce.com\/en\/contacto\/\" style=\"border-width: 1px; border-style: solid; font-family:Lato;font-weight:700;font-style:normal;\" ><span class=\"gt3_btn_text\">REQUEST APPOINTMENT<\/span><\/a><\/div>    <div class=\"gt3_spacing\">\r\n        <div class=\"gt3_spacing-height gt3_spacing-height_default\" style=\"height: 80px;\"><\/div>\r\n            <\/div>\r\n            <\/div>\r\n    <\/div>\r\n<\/div>\r\n<\/div><\/div><!-- .container --><\/div><div class=\"vc_row-full-width vc_clearfix\"><\/div>","protected":false},"excerpt":{"rendered":"En nuestro despacho de abogados en Marbella, brindamos asesor\u00eda jur\u00eddica especializada, adaptada a sus necesidades particulares. Con un equipo de profesionales altamente cualificados, nos comprometemos a ofrecerle un servicio cercano y eficaz, acompa\u00f1\u00e1ndole en cada paso para que tome las mejores decisiones. Ya sea para proteger sus intereses o prevenir posibles complicaciones legales, somos sus [...]","protected":false},"author":1,"featured_media":0,"parent":0,"menu_order":0,"comment_status":"closed","ping_status":"closed","template":"full-width.php","meta":{"inline_featured_image":false,"footnotes":""},"yoast_head":"<!-- This site is optimized with the Yoast SEO plugin v21.5 - https:\/\/yoast.com\/wordpress\/plugins\/seo\/ -->\n<title>Servicios de asesoramiento legal y jur\u00eddico en Marbella<\/title>\n<meta name=\"description\" content=\"Conoce los servicios de asesoramiento jur\u00eddico en los que nuestro despacho de abogados en Marbella se especializa. Brindamos asesor\u00eda jur\u00eddica y legal confiable.\" \/>\n<meta name=\"robots\" content=\"index, follow, max-snippet:-1, max-image-preview:large, max-video-preview:-1\" \/>\n<link rel=\"canonical\" href=\"https:\/\/alonsocouce.com\/en\/servicios\/\" \/>\n<meta property=\"og:locale\" content=\"en_GB\" \/>\n<meta property=\"og:type\" content=\"article\" \/>\n<meta property=\"og:title\" content=\"Servicios de asesoramiento legal y jur\u00eddico en Marbella\" \/>\n<meta property=\"og:description\" content=\"Conoce los servicios de asesoramiento jur\u00eddico en los que nuestro despacho de abogados en Marbella se especializa. Brindamos asesor\u00eda jur\u00eddica y legal confiable.\" \/>\n<meta property=\"og:url\" content=\"https:\/\/alonsocouce.com\/en\/servicios\/\" \/>\n<meta property=\"og:site_name\" content=\"Alonso &amp; Couce Asociados\" \/>\n<meta property=\"article:publisher\" content=\"https:\/\/www.facebook.com\/alonsocouceabogados\/\" \/>\n<meta property=\"article:modified_time\" content=\"2025-11-04T16:57:55+00:00\" \/>\n<meta property=\"og:image\" content=\"https:\/\/alonsocouce.com\/wp-content\/uploads\/2024\/04\/Logo-AlonsoCouce-resized.png\" \/>\n\t<meta property=\"og:image:width\" content=\"316\" \/>\n\t<meta property=\"og:image:height\" content=\"200\" \/>\n\t<meta property=\"og:image:type\" content=\"image\/png\" \/>\n<meta name=\"twitter:card\" content=\"summary_large_image\" \/>\n<meta name=\"twitter:label1\" content=\"Estimated reading time\" \/>\n\t<meta name=\"twitter:data1\" content=\"4 minutes\" \/>\n<script type=\"application\/ld+json\" class=\"yoast-schema-graph\">{\"@context\":\"https:\/\/schema.org\",\"@graph\":[{\"@type\":\"WebPage\",\"@id\":\"https:\/\/alonsocouce.com\/servicios\/\",\"url\":\"https:\/\/alonsocouce.com\/servicios\/\",\"name\":\"Servicios de asesoramiento legal y jur\u00eddico en Marbella\",\"isPartOf\":{\"@id\":\"https:\/\/alonsocouce.com\/#website\"},\"datePublished\":\"2018-05-11T08:44:39+00:00\",\"dateModified\":\"2025-11-04T16:57:55+00:00\",\"description\":\"Conoce los servicios de asesoramiento jur\u00eddico en los que nuestro despacho de abogados en Marbella se especializa. Brindamos asesor\u00eda jur\u00eddica y legal confiable.\",\"breadcrumb\":{\"@id\":\"https:\/\/alonsocouce.com\/servicios\/#breadcrumb\"},\"inLanguage\":\"en-GB\",\"potentialAction\":[{\"@type\":\"ReadAction\",\"target\":[\"https:\/\/alonsocouce.com\/servicios\/\"]}]},{\"@type\":\"BreadcrumbList\",\"@id\":\"https:\/\/alonsocouce.com\/servicios\/#breadcrumb\",\"itemListElement\":[{\"@type\":\"ListItem\",\"position\":1,\"name\":\"Portada\",\"item\":\"https:\/\/alonsocouce.com\/\"},{\"@type\":\"ListItem\",\"position\":2,\"name\":\"Servicios de asesoramiento jur\u00eddico en Marbella\"}]},{\"@type\":\"WebSite\",\"@id\":\"https:\/\/alonsocouce.com\/#website\",\"url\":\"https:\/\/alonsocouce.com\/\",\"name\":\"Alonso &amp; Couce Asociados\",\"description\":\"Abogados\",\"publisher\":{\"@id\":\"https:\/\/alonsocouce.com\/#organization\"},\"potentialAction\":[{\"@type\":\"SearchAction\",\"target\":{\"@type\":\"EntryPoint\",\"urlTemplate\":\"https:\/\/alonsocouce.com\/?s={search_term_string}\"},\"query-input\":\"required name=search_term_string\"}],\"inLanguage\":\"en-GB\"},{\"@type\":\"Organization\",\"@id\":\"https:\/\/alonsocouce.com\/#organization\",\"name\":\"Alonso &amp; Couce Asociados\",\"url\":\"https:\/\/alonsocouce.com\/\",\"logo\":{\"@type\":\"ImageObject\",\"inLanguage\":\"en-GB\",\"@id\":\"https:\/\/alonsocouce.com\/#\/schema\/logo\/image\/\",\"url\":\"http:\/\/alonsocouce.com\/wp-content\/uploads\/2021\/06\/Logo-Alonso.png\",\"contentUrl\":\"http:\/\/alonsocouce.com\/wp-content\/uploads\/2021\/06\/Logo-Alonso.png\",\"width\":316,\"height\":82,\"caption\":\"Alonso &amp; Couce Asociados\"},\"image\":{\"@id\":\"https:\/\/alonsocouce.com\/#\/schema\/logo\/image\/\"},\"sameAs\":[\"https:\/\/www.facebook.com\/alonsocouceabogados\/\"]}]}<\/script>\n<!-- \/ Yoast SEO plugin. -->","yoast_head_json":{"title":"Servicios de asesoramiento legal y jur\u00eddico en Marbella","description":"Conoce los servicios de asesoramiento jur\u00eddico en los que nuestro despacho de abogados en Marbella se especializa. Brindamos asesor\u00eda jur\u00eddica y legal confiable.","robots":{"index":"index","follow":"follow","max-snippet":"max-snippet:-1","max-image-preview":"max-image-preview:large","max-video-preview":"max-video-preview:-1"},"canonical":"https:\/\/alonsocouce.com\/en\/servicios\/","og_locale":"en_GB","og_type":"article","og_title":"Servicios de asesoramiento legal y jur\u00eddico en Marbella","og_description":"Conoce los servicios de asesoramiento jur\u00eddico en los que nuestro despacho de abogados en Marbella se especializa. Brindamos asesor\u00eda jur\u00eddica y legal confiable.","og_url":"https:\/\/alonsocouce.com\/en\/servicios\/","og_site_name":"Alonso &amp; Couce Asociados","article_publisher":"https:\/\/www.facebook.com\/alonsocouceabogados\/","article_modified_time":"2025-11-04T16:57:55+00:00","og_image":[{"width":316,"height":200,"url":"https:\/\/alonsocouce.com\/wp-content\/uploads\/2024\/04\/Logo-AlonsoCouce-resized.png","type":"image\/png"}],"twitter_card":"summary_large_image","twitter_misc":{"Estimated reading time":"4 minutes"},"schema":{"@context":"https:\/\/schema.org","@graph":[{"@type":"WebPage","@id":"https:\/\/alonsocouce.com\/servicios\/","url":"https:\/\/alonsocouce.com\/servicios\/","name":"Servicios de asesoramiento legal y jur\u00eddico en Marbella","isPartOf":{"@id":"https:\/\/alonsocouce.com\/#website"},"datePublished":"2018-05-11T08:44:39+00:00","dateModified":"2025-11-04T16:57:55+00:00","description":"Conoce los servicios de asesoramiento jur\u00eddico en los que nuestro despacho de abogados en Marbella se especializa. Brindamos asesor\u00eda jur\u00eddica y legal confiable.","breadcrumb":{"@id":"https:\/\/alonsocouce.com\/servicios\/#breadcrumb"},"inLanguage":"en-GB","potentialAction":[{"@type":"ReadAction","target":["https:\/\/alonsocouce.com\/servicios\/"]}]},{"@type":"BreadcrumbList","@id":"https:\/\/alonsocouce.com\/servicios\/#breadcrumb","itemListElement":[{"@type":"ListItem","position":1,"name":"Portada","item":"https:\/\/alonsocouce.com\/"},{"@type":"ListItem","position":2,"name":"Servicios de asesoramiento jur\u00eddico en Marbella"}]},{"@type":"WebSite","@id":"https:\/\/alonsocouce.com\/#website","url":"https:\/\/alonsocouce.com\/","name":"Alonso &amp; Couce Asociados","description":"Abogados","publisher":{"@id":"https:\/\/alonsocouce.com\/#organization"},"potentialAction":[{"@type":"SearchAction","target":{"@type":"EntryPoint","urlTemplate":"https:\/\/alonsocouce.com\/?s={search_term_string}"},"query-input":"required name=search_term_string"}],"inLanguage":"en-GB"},{"@type":"Organization","@id":"https:\/\/alonsocouce.com\/#organization","name":"Alonso &amp; Couce Asociados","url":"https:\/\/alonsocouce.com\/","logo":{"@type":"ImageObject","inLanguage":"en-GB","@id":"https:\/\/alonsocouce.com\/#\/schema\/logo\/image\/","url":"http:\/\/alonsocouce.com\/wp-content\/uploads\/2021\/06\/Logo-Alonso.png","contentUrl":"http:\/\/alonsocouce.com\/wp-content\/uploads\/2021\/06\/Logo-Alonso.png","width":316,"height":82,"caption":"Alonso &amp; Couce Asociados"},"image":{"@id":"https:\/\/alonsocouce.com\/#\/schema\/logo\/image\/"},"sameAs":["https:\/\/www.facebook.com\/alonsocouceabogados\/"]}]}},"_links":{"self":[{"href":"https:\/\/alonsocouce.com\/en\/wp-json\/wp\/v2\/pages\/242"}],"collection":[{"href":"https:\/\/alonsocouce.com\/en\/wp-json\/wp\/v2\/pages"}],"about":[{"href":"https:\/\/alonsocouce.com\/en\/wp-json\/wp\/v2\/types\/page"}],"author":[{"embeddable":true,"href":"https:\/\/alonsocouce.com\/en\/wp-json\/wp\/v2\/users\/1"}],"replies":[{"embeddable":true,"href":"https:\/\/alonsocouce.com\/en\/wp-json\/wp\/v2\/comments?post=242"}],"version-history":[{"count":53,"href":"https:\/\/alonsocouce.com\/en\/wp-json\/wp\/v2\/pages\/242\/revisions"}],"predecessor-version":[{"id":2280,"href":"https:\/\/alonsocouce.com\/en\/wp-json\/wp\/v2\/pages\/242\/revisions\/2280"}],"wp:attachment":[{"href":"https:\/\/alonsocouce.com\/en\/wp-json\/wp\/v2\/media?parent=242"}],"curies":[{"name":"wp","href":"https:\/\/api.w.org\/{rel}","templated":true}]}}