{"id":2165,"date":"2025-02-06T21:04:42","date_gmt":"2025-02-06T20:04:42","guid":{"rendered":"https:\/\/alonsocouce.com\/?page_id=2165"},"modified":"2025-07-14T22:18:18","modified_gmt":"2025-07-14T20:18:18","slug":"derecho-inmobiliario-construccion","status":"publish","type":"page","link":"https:\/\/alonsocouce.com\/en\/servicios\/real-estate-construction-law\/","title":{"rendered":"Derecho Inmobiliario"},"content":{"rendered":"<div class=\"vc_custom_1752524288815\"><div class=\"container\"><div class=\"vc_row wpb_row vc_row-fluid gt3_vc_row_modified vc_row-has-fill\"><div class=\"wpb_column vc_column_container vc_col-sm-3\/5\">\r\n    <div class=\"vc_column-inner vc_custom_1727111928293\">\r\n        <div class=\"wpb_wrapper\">\r\n                <div class=\"gt3_spacing\">\r\n        <div class=\"gt3_spacing-height gt3_spacing-height_default\" style=\"height: 50px;\"><\/div>\r\n            <\/div>\r\n    <div data-color=\"#ffffff\" class=\"gt3_custom_text  vc_custom_1738872338513 gt3_line-break-default gt3_font-size-inherit gt3_line-height-inherit gt3_color-inherit gt3_separator-disable gt3_full_width-active\" style=\"font-size: 18px;line-height: 160%; color: #272b2e; \"><h1 style=\"text-align: center; color: #ffffff; font-size: 38px; line-height: 42px;\">Experts in Real Estate and Construction Law in Marbella<\/h1>\n<p>&nbsp;<\/p>\n<p style=\"color: #ffffff; text-align: center; font-size: 20px;\">At Alonso &amp; Couce Asoc., we are your trusted ally for resolving all legal matters related to Real Estate and Construction Law. Based in Marbella, we offer comprehensive and personalized service, backed by years of experience and in-depth knowledge of the sector.<\/p>\n<\/div>    <div class=\"gt3_spacing\">\r\n        <div class=\"gt3_spacing-height gt3_spacing-height_default\" style=\"height: 50px;\"><\/div>\r\n            <\/div>\r\n    <div class=\"gt3_module_button button_alignment_center\"><a class=\"button_size_normal\"  href=\"tel:671085822\" style=\"border-width: 1px; border-style: solid; \" ><span class=\"gt3_btn_text\">Schedule Appointment<\/span><\/a><\/div>        <\/div>\r\n    <\/div>\r\n<\/div>\r\n<div class=\"wpb_column vc_column_container vc_col-sm-2\/5\">\r\n    <div class=\"vc_column-inner\">\r\n        <div class=\"wpb_wrapper\">\r\n                <div class=\"gt3_spacing\">\r\n        <div class=\"gt3_spacing-height gt3_spacing-height_default\" style=\"height: 100px;\"><\/div>\r\n            <\/div>\r\n    \n<div class=\"wpcf7 no-js\" id=\"wpcf7-f433-o1\" lang=\"en-US\" dir=\"ltr\">\n<div class=\"screen-reader-response\"><p role=\"status\" aria-live=\"polite\" aria-atomic=\"true\"><\/p> <ul><\/ul><\/div>\n<form action=\"\/en\/wp-json\/wp\/v2\/pages\/2165#wpcf7-f433-o1\" method=\"post\" class=\"wpcf7-form init\" aria-label=\"Contact form\" novalidate=\"novalidate\" data-status=\"init\" data-trp-original-action=\"\/en\/wp-json\/wp\/v2\/pages\/2165#wpcf7-f433-o1\">\n<div style=\"display: none;\">\n<input type=\"hidden\" name=\"_wpcf7\" value=\"433\" \/>\n<input type=\"hidden\" name=\"_wpcf7_version\" value=\"5.8.1\" \/>\n<input type=\"hidden\" name=\"_wpcf7_locale\" value=\"en_US\" \/>\n<input type=\"hidden\" name=\"_wpcf7_unit_tag\" value=\"wpcf7-f433-o1\" \/>\n<input type=\"hidden\" name=\"_wpcf7_container_post\" value=\"0\" \/>\n<input type=\"hidden\" name=\"_wpcf7_posted_data_hash\" value=\"\" \/>\n<\/div>\n<div class=\"row\">\n\t<div class=\"gt3_span6\">\n\t\t<p><span class=\"wpcf7-form-control-wrap\" data-name=\"your-name\"><input size=\"40\" class=\"wpcf7-form-control wpcf7-text wpcf7-validates-as-required\" aria-required=\"true\" aria-invalid=\"false\" placeholder=\"Name\" value=\"\" type=\"text\" name=\"your-name\" \/><\/span>\n\t\t<\/p>\n\t<\/div>\n\t<div class=\"gt3_span6\">\n\t\t<p><span class=\"wpcf7-form-control-wrap\" data-name=\"your-email\"><input size=\"40\" class=\"wpcf7-form-control wpcf7-email wpcf7-validates-as-required wpcf7-text wpcf7-validates-as-email\" aria-required=\"true\" aria-invalid=\"false\" placeholder=\"Email\" value=\"\" type=\"email\" name=\"your-email\" \/><\/span>\n\t\t<\/p>\n\t<\/div>\n<\/div>\n<div>\n\t<p><span class=\"wpcf7-form-control-wrap\" data-name=\"your-tel\"><input size=\"40\" class=\"wpcf7-form-control wpcf7-tel wpcf7-validates-as-required wpcf7-text wpcf7-validates-as-tel\" aria-required=\"true\" aria-invalid=\"false\" placeholder=\"Phone\" value=\"\" type=\"tel\" name=\"your-tel\" \/><\/span>\n\t<\/p>\n<\/div>\n<div>\n\t<p><span class=\"wpcf7-form-control-wrap\" data-name=\"your-message\"><textarea cols=\"40\" rows=\"10\" class=\"wpcf7-form-control wpcf7-textarea\" aria-invalid=\"false\" placeholder=\"Message\" name=\"your-message\"><\/textarea><\/span>\n\t<\/p>\n<\/div>\n<p><input class=\"wpcf7-form-control wpcf7-submit has-spinner\" type=\"submit\" value=\"SEND MESSAGE\" \/>\n<\/p><div class=\"wpcf7-response-output\" aria-hidden=\"true\"><\/div>\n<input type=\"hidden\" name=\"trp-form-language\" value=\"en\"\/><\/form>\n<\/div>\n        <\/div>\r\n    <\/div>\r\n<\/div>\r\n<\/div><\/div><!-- .container --><\/div><div class=\"\"><div class=\"container\"><div class=\"vc_row wpb_row vc_row-fluid gt3_vc_row_modified\"><div class=\"wpb_column vc_column_container vc_col-sm-12\">\r\n    <div class=\"vc_column-inner\">\r\n        <div class=\"wpb_wrapper\">\r\n                <div class=\"gt3_spacing\">\r\n        <div class=\"gt3_spacing-height gt3_spacing-height_default\" style=\"height: 85px;\"><\/div>\r\n            <\/div>\r\n    <div class=\"vc_row wpb_row vc_inner vc_row-fluid gt3_vc_row_modified vc_column-gap-30\">    <div class=\"wpb_column vc_column_container vc_col-sm-12\">\r\n        <div class=\"vc_column-inner\">\r\n            <div class=\"wpb_wrapper\">\r\n                <div data-color=\"#ffffff\" class=\"gt3_custom_text  vc_custom_1739546397749 gt3_line-break-default gt3_font-size-inherit gt3_line-height-inherit gt3_color-inherit gt3_separator-active gt3_separator-outer gt3_full_width-active\" style=\"font-size: 32px;line-height: 165%; color: #272b2e; \"><div class=\"gt3_custom_text_separator\" style=\"margin-top: 22px; max-width: 70px; background-color: rgba(39,43,46,0.2); \"><\/div><h2>Asesoramiento Legal en Derecho Inmobiliario y de la Construcci\u00f3n<\/h2>\n<\/div>    <div class=\"gt3_spacing\">\r\n        <div class=\"gt3_spacing-height gt3_spacing-height_default\" style=\"height: 30px;\"><\/div>\r\n            <\/div>\r\n    <div data-color=\"#ffffff\" class=\"gt3_custom_text  gt3_line-break-default gt3_font-size-inherit gt3_line-height-inherit gt3_color-inherit gt3_separator-disable gt3_full_width-active\" style=\"font-size: 18px;line-height: 165%; color: #272b2e; \"><p><span style=\"font-weight: 400;\">Nuestros abogados inmobiliarios en Marbella est\u00e1n preparados para ofrecerle soluciones a medida en cada etapa de su proyecto inmobiliario o de construcci\u00f3n. Entre nuestros servicios m\u00e1s solicitados se incluyen:<br \/>\n<\/span><\/p>\n<p>&nbsp;<\/p>\n<ul>\n<li style=\"font-weight: 400;\" aria-level=\"1\"><b>Property Purchase and Sale<\/b>: Asesoramiento integral en todas las fases del proceso de adquisici\u00f3n o venta de bienes ra\u00edces e inmuebles.<\/li>\n<li style=\"font-weight: 400;\" aria-level=\"1\"><b>Contracts and Leases<\/b>: Drafting and review of lease agreements, purchase contracts, and other legal agreements.<\/li>\n<li style=\"font-weight: 400;\" aria-level=\"1\"><b>Registry and Real Estate Law<\/b>: Management and advice on property registrations and title deeds.<\/li>\n<li style=\"font-weight: 400;\" aria-level=\"1\"><b>Asesoramiento Legal Inmobiliario<\/b>: Legal consultancy for developers, builders, and individuals in urbanization and construction projects.<\/li>\n<li style=\"font-weight: 400;\" aria-level=\"1\"><b>Conflict Resolution and Litigation<\/b>: Defensa legal en casos de disputas relacionadas con bienes ra\u00edces o incumplimientos contractuales.<\/li>\n<\/ul>\n<\/div>            <\/div>\r\n        <\/div>\r\n    <\/div>\r\n<\/div>    <div class=\"gt3_spacing\">\r\n        <div class=\"gt3_spacing-height gt3_spacing-height_default\" style=\"height: 50px;\"><\/div>\r\n            <\/div>\r\n    <section class=\"vc_cta3-container\"><div class=\"vc_general vc_cta3 md-cta-civil vc_cta3-style-classic vc_cta3-shape-rounded vc_cta3-align-center vc_cta3-color-classic vc_cta3-icon-size-md vc_cta3-actions-right vc_custom_1739546059209\"><div class=\"vc_cta3_content-container\"><div class=\"vc_cta3-content\"><header class=\"vc_cta3-content-header\"><\/header><p style=\"display: flex; align-items: center; height: 47px; font-weight: 500;\">\u00bfBusca asesoramiento en Derecho Inmobiliario y de la Construcci\u00f3n en Marbella? Solicite una cita con nuestros especialistas.<\/p>\n<\/div><div class=\"vc_cta3-actions\"><div class=\"vc_btn3-container  cta-md-civil-boton vc_btn3-inline\" ><a class=\"vc_general vc_btn3 vc_btn3-size-md vc_btn3-shape-rounded vc_btn3-style-modern vc_btn3-color-grey\" href=\"https:\/\/alonsocouce.com\/en\/contacto\/\" title=\"\">Book Appointment<\/a><\/div><\/div><\/div><\/div><\/section>        <\/div>\r\n    <\/div>\r\n<\/div>\r\n<\/div><\/div><!-- .container --><\/div><div data-vc-full-width=\"true\" data-vc-full-width-init=\"false\" class=\"vc_custom_1727135146562\"><div class=\"container\"><div class=\"vc_row wpb_row vc_row-fluid gt3_vc_row_modified vc_row-has-fill\"><div class=\"wpb_column vc_column_container vc_col-sm-12\">\r\n    <div class=\"vc_column-inner\">\r\n        <div class=\"wpb_wrapper\">\r\n                <div class=\"gt3_spacing\">\r\n        <div class=\"gt3_spacing-height gt3_spacing-height_default\" style=\"height: 35px;\"><\/div>\r\n            <\/div>\r\n    <div data-color=\"#ffffff\" class=\"gt3_custom_text  gt3_line-break-default gt3_color-inherit gt3_separator-active gt3_separator-outer gt3_full_width-active\" style=\"color: #ffffff; \"><div class=\"gt3_custom_text_separator\" style=\"margin-top: 22px; background-color: rgba(249,249,250,0.2); \"><\/div><h2>Lawyers Specialized in Real Estate Law<\/h2>\n<p style=\"font-weight: 400; font-size: 20px; margin-top: 15px;\">We have a <b>team of expert real estate and construction lawyers<\/b>, highly trained to provide swift and effective solutions. Each case is analyzed in detail to ensure a legal strategy that protects your interests and ensures the success of your transaction or project.<\/p>\n<p>&nbsp;<\/p>\n<p style=\"font-weight: 400; font-size: 20px;\">En Alonso &amp; Couce Asoc., estamos comprometidos con brindarle un <b>high-quality real estate legal advice<\/b>. Whether you need a specialized real estate lawyer for a specific consultation or a team to guide you through a complex project, we are at your service.<\/p>\n<p>&nbsp;<\/p>\n<p style=\"font-weight: 400; font-size: 20px;\">Request your initial consultation today and discover how we can help you achieve your real estate goals with confidence and peace of mind.<\/p>\n<\/div>    <div class=\"gt3_spacing\">\r\n        <div class=\"gt3_spacing-height gt3_spacing-height_default\" style=\"height: 15px;\"><\/div>\r\n            <\/div>\r\n            <\/div>\r\n    <\/div>\r\n<\/div>\r\n<\/div><\/div><!-- .container --><\/div><div class=\"vc_row-full-width vc_clearfix\"><\/div><div data-vc-full-width=\"true\" data-vc-full-width-init=\"false\" class=\"vc_custom_1727135057802\"><div class=\"container\"><div class=\"vc_row wpb_row vc_row-fluid gt3_vc_row_modified vc_row-has-fill\"><div class=\"wpb_column vc_column_container vc_col-sm-12\">\r\n    <div class=\"vc_column-inner\">\r\n        <div class=\"wpb_wrapper\">\r\n            <div class=\"vc_row wpb_row vc_inner vc_row-fluid gt3_vc_row_modified\">    <div class=\"wpb_column vc_column_container vc_col-sm-2\/5\">\r\n        <div class=\"vc_column-inner\">\r\n            <div class=\"wpb_wrapper\">\r\n                    <div class=\"gt3_spacing\">\r\n        <div class=\"gt3_spacing-height gt3_spacing-height_default\" style=\"height: 100px;\"><\/div>\r\n            <\/div>\r\n    <div data-color=\"#ffffff\" class=\"gt3_custom_text  gt3_line-break-default gt3_font-size-inherit gt3_line-height-inherit gt3_color-inherit gt3_separator-disable gt3_full_width-active\" style=\"font-size: 18px;line-height: 165%; color: #272b2e; \"><h3><span style=\"color: #ffffff;\"><em><span style=\"font-size: 40px;\">We listen<\/span><\/em><\/span><\/h3>\n<p>&nbsp;<\/p>\n<h3><span style=\"color: #ffffff;\"><em><span style=\"font-size: 40px;\">We project<\/span><\/em><\/span><\/h3>\n<p>&nbsp;<\/p>\n<h3><span style=\"color: #ffffff;\"><em><span style=\"font-size: 40px;\">We solve<\/span><\/em><\/span><\/h3>\n<\/div>    <div class=\"gt3_spacing\">\r\n        <div class=\"gt3_spacing-height gt3_spacing-height_default\" style=\"height: 100px;\"><\/div>\r\n            <\/div>\r\n                <\/div>\r\n        <\/div>\r\n    <\/div>\r\n    <div class=\"wpb_column vc_column_container vc_col-sm-3\/5\">\r\n        <div class=\"vc_column-inner\">\r\n            <div class=\"wpb_wrapper\">\r\n                \n<div class=\"wpcf7 no-js\" id=\"wpcf7-f433-o2\" lang=\"en-US\" dir=\"ltr\">\n<div class=\"screen-reader-response\"><p role=\"status\" aria-live=\"polite\" aria-atomic=\"true\"><\/p> <ul><\/ul><\/div>\n<form action=\"\/en\/wp-json\/wp\/v2\/pages\/2165#wpcf7-f433-o2\" method=\"post\" class=\"wpcf7-form init\" aria-label=\"Contact form\" novalidate=\"novalidate\" data-status=\"init\" data-trp-original-action=\"\/en\/wp-json\/wp\/v2\/pages\/2165#wpcf7-f433-o2\">\n<div style=\"display: none;\">\n<input type=\"hidden\" name=\"_wpcf7\" value=\"433\" \/>\n<input type=\"hidden\" name=\"_wpcf7_version\" value=\"5.8.1\" \/>\n<input type=\"hidden\" name=\"_wpcf7_locale\" value=\"en_US\" \/>\n<input type=\"hidden\" name=\"_wpcf7_unit_tag\" value=\"wpcf7-f433-o2\" \/>\n<input type=\"hidden\" name=\"_wpcf7_container_post\" value=\"0\" \/>\n<input type=\"hidden\" name=\"_wpcf7_posted_data_hash\" value=\"\" \/>\n<\/div>\n<div class=\"row\">\n\t<div class=\"gt3_span6\">\n\t\t<p><span class=\"wpcf7-form-control-wrap\" data-name=\"your-name\"><input size=\"40\" class=\"wpcf7-form-control wpcf7-text wpcf7-validates-as-required\" aria-required=\"true\" aria-invalid=\"false\" placeholder=\"Name\" value=\"\" type=\"text\" name=\"your-name\" \/><\/span>\n\t\t<\/p>\n\t<\/div>\n\t<div class=\"gt3_span6\">\n\t\t<p><span class=\"wpcf7-form-control-wrap\" data-name=\"your-email\"><input size=\"40\" class=\"wpcf7-form-control wpcf7-email wpcf7-validates-as-required wpcf7-text wpcf7-validates-as-email\" aria-required=\"true\" aria-invalid=\"false\" placeholder=\"Email\" value=\"\" type=\"email\" name=\"your-email\" \/><\/span>\n\t\t<\/p>\n\t<\/div>\n<\/div>\n<div>\n\t<p><span class=\"wpcf7-form-control-wrap\" data-name=\"your-tel\"><input size=\"40\" class=\"wpcf7-form-control wpcf7-tel wpcf7-validates-as-required wpcf7-text wpcf7-validates-as-tel\" aria-required=\"true\" aria-invalid=\"false\" placeholder=\"Phone\" value=\"\" type=\"tel\" name=\"your-tel\" \/><\/span>\n\t<\/p>\n<\/div>\n<div>\n\t<p><span class=\"wpcf7-form-control-wrap\" data-name=\"your-message\"><textarea cols=\"40\" rows=\"10\" class=\"wpcf7-form-control wpcf7-textarea\" aria-invalid=\"false\" placeholder=\"Message\" name=\"your-message\"><\/textarea><\/span>\n\t<\/p>\n<\/div>\n<p><input class=\"wpcf7-form-control wpcf7-submit has-spinner\" type=\"submit\" value=\"SEND MESSAGE\" \/>\n<\/p><div class=\"wpcf7-response-output\" aria-hidden=\"true\"><\/div>\n<input type=\"hidden\" name=\"trp-form-language\" value=\"en\"\/><\/form>\n<\/div>\n            <\/div>\r\n        <\/div>\r\n    <\/div>\r\n<\/div><div class=\"vc_separator wpb_content_element vc_separator_align_center vc_sep_width_85px vc_sep_border_width_2 vc_sep_pos_align_center vc_separator_no_text vc_custom_1525958150537  vc_custom_1525958150537\" ><span class=\"vc_sep_holder vc_sep_holder_l\"><span  style=\"border-color:#e5decc;\" class=\"vc_sep_line\"><\/span><\/span><span class=\"vc_sep_holder vc_sep_holder_r\"><span  style=\"border-color:#e5decc;\" class=\"vc_sep_line\"><\/span><\/span>\n<\/div>        <\/div>\r\n    <\/div>\r\n<\/div>\r\n<\/div><\/div><!-- .container --><\/div><div class=\"vc_row-full-width vc_clearfix\"><\/div>","protected":false},"excerpt":{"rendered":"Expertos en Derecho Inmobiliario y de la Construcci\u00f3n en Marbella &nbsp; En Alonso & Couce Asoc., somos su aliado de confianza para resolver todas las cuestiones legales relacionadas con el Derecho Inmobiliario y de la Construcci\u00f3n. Ubicados en Marbella, ofrecemos un servicio integral y personalizado, respaldado por a\u00f1os de experiencia y un profundo conocimiento del [...]","protected":false},"author":8,"featured_media":0,"parent":242,"menu_order":0,"comment_status":"closed","ping_status":"closed","template":"full-width.php","meta":{"inline_featured_image":false,"footnotes":""},"yoast_head":"<!-- This site is optimized with the Yoast SEO plugin v21.5 - https:\/\/yoast.com\/wordpress\/plugins\/seo\/ -->\n<title>Abogado Inmobiliario y de la Construcci\u00f3n en Marbella<\/title>\n<meta name=\"description\" content=\"Asesoramiento experto en Derecho Inmobiliario y de la Construcci\u00f3n en Marbella y Costa del Sol. Soluciones legales adaptadas a sus necesidades.\" \/>\n<meta name=\"robots\" content=\"index, follow, max-snippet:-1, max-image-preview:large, max-video-preview:-1\" \/>\n<link rel=\"canonical\" href=\"https:\/\/alonsocouce.com\/en\/servicios\/real-estate-construction-law\/\" \/>\n<meta property=\"og:locale\" content=\"en_GB\" \/>\n<meta property=\"og:type\" content=\"article\" \/>\n<meta property=\"og:title\" content=\"Abogado Inmobiliario y de la Construcci\u00f3n en Marbella\" \/>\n<meta property=\"og:description\" content=\"Asesoramiento experto en Derecho Inmobiliario y de la Construcci\u00f3n en Marbella y Costa del Sol. Soluciones legales adaptadas a sus necesidades.\" \/>\n<meta property=\"og:url\" content=\"https:\/\/alonsocouce.com\/en\/servicios\/real-estate-construction-law\/\" \/>\n<meta property=\"og:site_name\" content=\"Alonso &amp; Couce Asociados\" \/>\n<meta property=\"article:publisher\" content=\"https:\/\/www.facebook.com\/alonsocouceabogados\/\" \/>\n<meta property=\"article:modified_time\" content=\"2025-07-14T20:18:18+00:00\" \/>\n<meta property=\"og:image\" content=\"https:\/\/alonsocouce.com\/wp-content\/uploads\/2024\/08\/Logo-Alonso-Escalado.png\" \/>\n\t<meta property=\"og:image:width\" content=\"316\" \/>\n\t<meta property=\"og:image:height\" content=\"200\" \/>\n\t<meta property=\"og:image:type\" content=\"image\/png\" \/>\n<meta name=\"twitter:card\" content=\"summary_large_image\" \/>\n<meta name=\"twitter:label1\" content=\"Estimated reading time\" \/>\n\t<meta name=\"twitter:data1\" content=\"2 minutes\" \/>\n<script type=\"application\/ld+json\" class=\"yoast-schema-graph\">{\"@context\":\"https:\/\/schema.org\",\"@graph\":[{\"@type\":\"WebPage\",\"@id\":\"https:\/\/alonsocouce.com\/servicios\/derecho-inmobiliario-construccion\/\",\"url\":\"https:\/\/alonsocouce.com\/servicios\/derecho-inmobiliario-construccion\/\",\"name\":\"Abogado Inmobiliario y de la Construcci\u00f3n en Marbella\",\"isPartOf\":{\"@id\":\"https:\/\/alonsocouce.com\/#website\"},\"datePublished\":\"2025-02-06T20:04:42+00:00\",\"dateModified\":\"2025-07-14T20:18:18+00:00\",\"description\":\"Asesoramiento experto en Derecho Inmobiliario y de la Construcci\u00f3n en Marbella y Costa del Sol. Soluciones legales adaptadas a sus necesidades.\",\"breadcrumb\":{\"@id\":\"https:\/\/alonsocouce.com\/servicios\/derecho-inmobiliario-construccion\/#breadcrumb\"},\"inLanguage\":\"en-GB\",\"potentialAction\":[{\"@type\":\"ReadAction\",\"target\":[\"https:\/\/alonsocouce.com\/servicios\/derecho-inmobiliario-construccion\/\"]}]},{\"@type\":\"BreadcrumbList\",\"@id\":\"https:\/\/alonsocouce.com\/servicios\/derecho-inmobiliario-construccion\/#breadcrumb\",\"itemListElement\":[{\"@type\":\"ListItem\",\"position\":1,\"name\":\"Portada\",\"item\":\"https:\/\/alonsocouce.com\/\"},{\"@type\":\"ListItem\",\"position\":2,\"name\":\"Servicios de asesoramiento jur\u00eddico en Marbella\",\"item\":\"https:\/\/alonsocouce.com\/servicios\/\"},{\"@type\":\"ListItem\",\"position\":3,\"name\":\"Derecho Inmobiliario\"}]},{\"@type\":\"WebSite\",\"@id\":\"https:\/\/alonsocouce.com\/#website\",\"url\":\"https:\/\/alonsocouce.com\/\",\"name\":\"Alonso &amp; Couce Asociados\",\"description\":\"Abogados\",\"publisher\":{\"@id\":\"https:\/\/alonsocouce.com\/#organization\"},\"potentialAction\":[{\"@type\":\"SearchAction\",\"target\":{\"@type\":\"EntryPoint\",\"urlTemplate\":\"https:\/\/alonsocouce.com\/?s={search_term_string}\"},\"query-input\":\"required name=search_term_string\"}],\"inLanguage\":\"en-GB\"},{\"@type\":\"Organization\",\"@id\":\"https:\/\/alonsocouce.com\/#organization\",\"name\":\"Alonso &amp; Couce Asociados\",\"url\":\"https:\/\/alonsocouce.com\/\",\"logo\":{\"@type\":\"ImageObject\",\"inLanguage\":\"en-GB\",\"@id\":\"https:\/\/alonsocouce.com\/#\/schema\/logo\/image\/\",\"url\":\"http:\/\/alonsocouce.com\/wp-content\/uploads\/2021\/06\/Logo-Alonso.png\",\"contentUrl\":\"http:\/\/alonsocouce.com\/wp-content\/uploads\/2021\/06\/Logo-Alonso.png\",\"width\":316,\"height\":82,\"caption\":\"Alonso &amp; Couce Asociados\"},\"image\":{\"@id\":\"https:\/\/alonsocouce.com\/#\/schema\/logo\/image\/\"},\"sameAs\":[\"https:\/\/www.facebook.com\/alonsocouceabogados\/\"]}]}<\/script>\n<!-- \/ Yoast SEO plugin. -->","yoast_head_json":{"title":"Abogado Inmobiliario y de la Construcci\u00f3n en Marbella","description":"Asesoramiento experto en Derecho Inmobiliario y de la Construcci\u00f3n en Marbella y Costa del Sol. Soluciones legales adaptadas a sus necesidades.","robots":{"index":"index","follow":"follow","max-snippet":"max-snippet:-1","max-image-preview":"max-image-preview:large","max-video-preview":"max-video-preview:-1"},"canonical":"https:\/\/alonsocouce.com\/en\/servicios\/real-estate-construction-law\/","og_locale":"en_GB","og_type":"article","og_title":"Abogado Inmobiliario y de la Construcci\u00f3n en Marbella","og_description":"Asesoramiento experto en Derecho Inmobiliario y de la Construcci\u00f3n en Marbella y Costa del Sol. Soluciones legales adaptadas a sus necesidades.","og_url":"https:\/\/alonsocouce.com\/en\/servicios\/real-estate-construction-law\/","og_site_name":"Alonso &amp; Couce Asociados","article_publisher":"https:\/\/www.facebook.com\/alonsocouceabogados\/","article_modified_time":"2025-07-14T20:18:18+00:00","og_image":[{"width":316,"height":200,"url":"https:\/\/alonsocouce.com\/wp-content\/uploads\/2024\/08\/Logo-Alonso-Escalado.png","type":"image\/png"}],"twitter_card":"summary_large_image","twitter_misc":{"Estimated reading time":"2 minutes"},"schema":{"@context":"https:\/\/schema.org","@graph":[{"@type":"WebPage","@id":"https:\/\/alonsocouce.com\/servicios\/derecho-inmobiliario-construccion\/","url":"https:\/\/alonsocouce.com\/servicios\/derecho-inmobiliario-construccion\/","name":"Abogado Inmobiliario y de la Construcci\u00f3n en Marbella","isPartOf":{"@id":"https:\/\/alonsocouce.com\/#website"},"datePublished":"2025-02-06T20:04:42+00:00","dateModified":"2025-07-14T20:18:18+00:00","description":"Asesoramiento experto en Derecho Inmobiliario y de la Construcci\u00f3n en Marbella y Costa del Sol. Soluciones legales adaptadas a sus necesidades.","breadcrumb":{"@id":"https:\/\/alonsocouce.com\/servicios\/derecho-inmobiliario-construccion\/#breadcrumb"},"inLanguage":"en-GB","potentialAction":[{"@type":"ReadAction","target":["https:\/\/alonsocouce.com\/servicios\/derecho-inmobiliario-construccion\/"]}]},{"@type":"BreadcrumbList","@id":"https:\/\/alonsocouce.com\/servicios\/derecho-inmobiliario-construccion\/#breadcrumb","itemListElement":[{"@type":"ListItem","position":1,"name":"Portada","item":"https:\/\/alonsocouce.com\/"},{"@type":"ListItem","position":2,"name":"Servicios de asesoramiento jur\u00eddico en Marbella","item":"https:\/\/alonsocouce.com\/servicios\/"},{"@type":"ListItem","position":3,"name":"Derecho Inmobiliario"}]},{"@type":"WebSite","@id":"https:\/\/alonsocouce.com\/#website","url":"https:\/\/alonsocouce.com\/","name":"Alonso &amp; Couce Asociados","description":"Abogados","publisher":{"@id":"https:\/\/alonsocouce.com\/#organization"},"potentialAction":[{"@type":"SearchAction","target":{"@type":"EntryPoint","urlTemplate":"https:\/\/alonsocouce.com\/?s={search_term_string}"},"query-input":"required name=search_term_string"}],"inLanguage":"en-GB"},{"@type":"Organization","@id":"https:\/\/alonsocouce.com\/#organization","name":"Alonso &amp; Couce Asociados","url":"https:\/\/alonsocouce.com\/","logo":{"@type":"ImageObject","inLanguage":"en-GB","@id":"https:\/\/alonsocouce.com\/#\/schema\/logo\/image\/","url":"http:\/\/alonsocouce.com\/wp-content\/uploads\/2021\/06\/Logo-Alonso.png","contentUrl":"http:\/\/alonsocouce.com\/wp-content\/uploads\/2021\/06\/Logo-Alonso.png","width":316,"height":82,"caption":"Alonso &amp; Couce Asociados"},"image":{"@id":"https:\/\/alonsocouce.com\/#\/schema\/logo\/image\/"},"sameAs":["https:\/\/www.facebook.com\/alonsocouceabogados\/"]}]}},"_links":{"self":[{"href":"https:\/\/alonsocouce.com\/en\/wp-json\/wp\/v2\/pages\/2165"}],"collection":[{"href":"https:\/\/alonsocouce.com\/en\/wp-json\/wp\/v2\/pages"}],"about":[{"href":"https:\/\/alonsocouce.com\/en\/wp-json\/wp\/v2\/types\/page"}],"author":[{"embeddable":true,"href":"https:\/\/alonsocouce.com\/en\/wp-json\/wp\/v2\/users\/8"}],"replies":[{"embeddable":true,"href":"https:\/\/alonsocouce.com\/en\/wp-json\/wp\/v2\/comments?post=2165"}],"version-history":[{"count":7,"href":"https:\/\/alonsocouce.com\/en\/wp-json\/wp\/v2\/pages\/2165\/revisions"}],"predecessor-version":[{"id":2210,"href":"https:\/\/alonsocouce.com\/en\/wp-json\/wp\/v2\/pages\/2165\/revisions\/2210"}],"up":[{"embeddable":true,"href":"https:\/\/alonsocouce.com\/en\/wp-json\/wp\/v2\/pages\/242"}],"wp:attachment":[{"href":"https:\/\/alonsocouce.com\/en\/wp-json\/wp\/v2\/media?parent=2165"}],"curies":[{"name":"wp","href":"https:\/\/api.w.org\/{rel}","templated":true}]}}